{"id":7729,"date":"2022-07-25T18:05:17","date_gmt":"2022-07-25T18:05:17","guid":{"rendered":"https:\/\/www.centraldefocos.com\/productos\/?post_type=product&#038;p=7729"},"modified":"2022-07-25T18:05:17","modified_gmt":"2022-07-25T18:05:17","slug":"lampara-de-exterior-led-para-empotrar-en-piso-12-w-luz-suave-calida-ideal-zona-costera-12hled615mv30n","status":"publish","type":"product","link":"https:\/\/www.centraldefocos.com\/productos\/product\/lampara-de-exterior-led-para-empotrar-en-piso-12-w-luz-suave-calida-ideal-zona-costera-12hled615mv30n\/","title":{"rendered":"L\u00e1mpara de exterior LED para empotrar en piso, 12 W, Luz suave c\u00e1lida, ideal zona costera | 12HLED615MV30N"},"content":{"rendered":"<p>L\u00e1mpara de exterior LED para empotrar en piso, 12 W, Luz suave c\u00e1lida, ideal zona costera VIVE UNA NUEVA ERA CON ACENTOS DE LUZ Y CREA EL MEJOR AMBIENTE QUE EMBELLEZCA PEQUE\u00d1OS DETALLES DEL EXTERIOR. Crea atm\u00f3sferas de confort, intimidad y relajaci\u00f3n o a\u00f1ade dramatismo a tus espacios resaltando relieves y texturas de tus exteriores. Terminado: Negro Material: Fibra de Vidrio Aplicaci\u00f3n: Piso Volts: 100 &#8211; 240 V ~ Potencia: 12 W Horas de vida: 15000 horas \u00c1ngulo de apertura: 23\u00b0 Color de luz: Luz suave c\u00e1lida Temperatura de color: 3 000 K Flujo luminoso: 900 lm Corte de empotramiento: 142 mm Atenuable: No IP: 65<\/p>\n","protected":false},"excerpt":{"rendered":"<p>L\u00e1mpara de exterior LED para empotrar en piso, 12 W, Luz suave c\u00e1lida, ideal zona costera VIVE UNA NUEVA ERA CON ACENTOS DE LUZ Y CREA EL MEJOR AMBIENTE QUE EMBELLEZCA PEQUE\u00d1OS DETALLES DEL EXTERIOR. Crea atm\u00f3sferas de confort, intimidad y relajaci\u00f3n o a\u00f1ade dramatismo a tus espacios resaltando relieves y texturas de tus exteriores. [&hellip;]<\/p>\n","protected":false},"featured_media":7733,"comment_status":"open","ping_status":"closed","template":"","meta":{"_et_pb_use_builder":"","_et_pb_old_content":"","_et_gb_content_width":"","_editorskit_title_hidden":false,"_editorskit_reading_time":0,"_editorskit_typography_data":[],"_editorskit_blocks_typography":"","_editorskit_is_block_options_detached":false,"_editorskit_block_options_position":"{}","_coblocks_attr":"","_coblocks_dimensions":"","_coblocks_responsive_height":"","_coblocks_accordion_ie_support":"","spay_email":""},"product_cat":[175,99,178,135],"product_tag":[176,177,137],"_links":{"self":[{"href":"https:\/\/www.centraldefocos.com\/productos\/wp-json\/wp\/v2\/product\/7729"}],"collection":[{"href":"https:\/\/www.centraldefocos.com\/productos\/wp-json\/wp\/v2\/product"}],"about":[{"href":"https:\/\/www.centraldefocos.com\/productos\/wp-json\/wp\/v2\/types\/product"}],"replies":[{"embeddable":true,"href":"https:\/\/www.centraldefocos.com\/productos\/wp-json\/wp\/v2\/comments?post=7729"}],"wp:featuredmedia":[{"embeddable":true,"href":"https:\/\/www.centraldefocos.com\/productos\/wp-json\/wp\/v2\/media\/7733"}],"wp:attachment":[{"href":"https:\/\/www.centraldefocos.com\/productos\/wp-json\/wp\/v2\/media?parent=7729"}],"wp:term":[{"taxonomy":"product_cat","embeddable":true,"href":"https:\/\/www.centraldefocos.com\/productos\/wp-json\/wp\/v2\/product_cat?post=7729"},{"taxonomy":"product_tag","embeddable":true,"href":"https:\/\/www.centraldefocos.com\/productos\/wp-json\/wp\/v2\/product_tag?post=7729"}],"curies":[{"name":"wp","href":"https:\/\/api.w.org\/{rel}","templated":true}]}}