{"id":7724,"date":"2022-07-25T18:00:58","date_gmt":"2022-07-25T18:00:58","guid":{"rendered":"https:\/\/www.centraldefocos.com\/productos\/?post_type=product&#038;p=7724"},"modified":"2022-07-25T18:00:58","modified_gmt":"2022-07-25T18:00:58","slug":"lampara-de-piso-led-empotrable-ideal-zona-costera-potencia-max-50-w-base-e27-ip65-no-incluye-foco-h-605-n","status":"publish","type":"product","link":"https:\/\/www.centraldefocos.com\/productos\/product\/lampara-de-piso-led-empotrable-ideal-zona-costera-potencia-max-50-w-base-e27-ip65-no-incluye-foco-h-605-n\/","title":{"rendered":"L\u00e1mpara de Piso LED Empotrable, Ideal Zona Costera, Potencia M\u00e1x. 50 W, Base E27, IP65, No incluye foco | H-605\/N"},"content":{"rendered":"<p>Las l\u00e1mparas en piso al exterior son una forma moderna y atractiva de darle a tu jard\u00edn un aspecto diferente por las noches. Son una gran forma de agregar valor y estilo a las \u00e1reas de terraza o balc\u00f3n. Este tipo de soluci\u00f3n de iluminaci\u00f3n es una caracter\u00edstica de seguridad adicional muy efectiva para iluminar los caminos al recibir a tus visitas o llevarlas al \u00e1rea de jard\u00edn. Puedes montarlas directamente en el piso y a\u00f1adir material de desag\u00fce o a trav\u00e9s de un housing.<\/p>\n<p>El ambiente de las Zonas Costeras contiene un alto nivel de salinidad que deterioran los metales de las l\u00e1mparas, pero en Tecnolite tenemos la soluci\u00f3n con materiales de una gran resistencia hacia la oxidaci\u00f3n que pasan por procesos especializados y pruebas.<\/p>\n<p>Ideal para puntos de luz en andadores, hoteles, muelles y hogares cerca de la playa. Encuentra una variedad de productos con materiales CERO CORROSI\u00d3N que resaltar\u00e1n tus ambientes exteriores al m\u00e1ximo.<\/p>\n<p><strong>CARACTER\u00cdSTICAS PRINCIPALES<\/strong><\/p>\n<ul>\n<li>Base E27.<\/li>\n<li>Protecci\u00f3n IP65: con una construcci\u00f3n resistente la l\u00e1mpara queda protegida ante el polvo y chorros de agua.<\/li>\n<li>Corte empotramiento de 9 cent\u00edmetros.<\/li>\n<li>Alta resistencia a la corrosi\u00f3n.<\/li>\n<li>Resistencia a solventes qu\u00edmicos.<\/li>\n<li>Mantenimiento m\u00ednimo.<\/li>\n<li>Compatible con atenuadores Tecnolite Connect y disponibles en el mercado, as\u00ed como focos atenuables.<\/li>\n<li>Potencia M\u00e1x. de 50 W, Base E27.<\/li>\n<li>Accesorios de conexi\u00f3n y montaje incluidos.<\/li>\n<\/ul>\n","protected":false},"excerpt":{"rendered":"<p>Las l\u00e1mparas en piso al exterior son una forma moderna y atractiva de darle a tu jard\u00edn un aspecto diferente por las noches. Son una gran forma de agregar valor y estilo a las \u00e1reas de terraza o balc\u00f3n. Este tipo de soluci\u00f3n de iluminaci\u00f3n es una caracter\u00edstica de seguridad adicional muy efectiva para iluminar [&hellip;]<\/p>\n","protected":false},"featured_media":7725,"comment_status":"open","ping_status":"closed","template":"","meta":{"_et_pb_use_builder":"","_et_pb_old_content":"","_et_gb_content_width":"","_editorskit_title_hidden":false,"_editorskit_reading_time":0,"_editorskit_typography_data":[],"_editorskit_blocks_typography":"","_editorskit_is_block_options_detached":false,"_editorskit_block_options_position":"{}","_coblocks_attr":"","_coblocks_dimensions":"","_coblocks_responsive_height":"","_coblocks_accordion_ie_support":"","spay_email":""},"product_cat":[175,77,99,178,135],"product_tag":[176,177,137],"_links":{"self":[{"href":"https:\/\/www.centraldefocos.com\/productos\/wp-json\/wp\/v2\/product\/7724"}],"collection":[{"href":"https:\/\/www.centraldefocos.com\/productos\/wp-json\/wp\/v2\/product"}],"about":[{"href":"https:\/\/www.centraldefocos.com\/productos\/wp-json\/wp\/v2\/types\/product"}],"replies":[{"embeddable":true,"href":"https:\/\/www.centraldefocos.com\/productos\/wp-json\/wp\/v2\/comments?post=7724"}],"wp:featuredmedia":[{"embeddable":true,"href":"https:\/\/www.centraldefocos.com\/productos\/wp-json\/wp\/v2\/media\/7725"}],"wp:attachment":[{"href":"https:\/\/www.centraldefocos.com\/productos\/wp-json\/wp\/v2\/media?parent=7724"}],"wp:term":[{"taxonomy":"product_cat","embeddable":true,"href":"https:\/\/www.centraldefocos.com\/productos\/wp-json\/wp\/v2\/product_cat?post=7724"},{"taxonomy":"product_tag","embeddable":true,"href":"https:\/\/www.centraldefocos.com\/productos\/wp-json\/wp\/v2\/product_tag?post=7724"}],"curies":[{"name":"wp","href":"https:\/\/api.w.org\/{rel}","templated":true}]}}