{"id":7718,"date":"2022-07-25T17:55:59","date_gmt":"2022-07-25T17:55:59","guid":{"rendered":"https:\/\/www.centraldefocos.com\/productos\/?post_type=product&#038;p=7718"},"modified":"2022-07-25T17:55:59","modified_gmt":"2022-07-25T17:55:59","slug":"lampara-de-exterior-para-empotrar-base-e27-ip44-no-incluye-foco-h-930-b","status":"publish","type":"product","link":"https:\/\/www.centraldefocos.com\/productos\/product\/lampara-de-exterior-para-empotrar-base-e27-ip44-no-incluye-foco-h-930-b\/","title":{"rendered":"L\u00e1mpara de exterior para empotrar, Base E27, IP44, No incluye foco | H-930\/B"},"content":{"rendered":"<p>L\u00e1mpara de exterior para empotrar, Base E27, IP44, No incluye foco VIVE UNA NUEVA ERA CON ACENTOS DE LUZ Y CREA EL MEJOR AMBIENTE QUE EMBELLEZCA PEQUE\u00d1OS DETALLES DEL EXTERIOR. Cuenta con un \u00edndice de protecci\u00f3n IP44, lo que mantiene a esta l\u00e1mpara protegida contra objetos y salpicadura de agua en cualquier direcci\u00f3n. Terminado: Blanco Material: Aluminio Aplicaci\u00f3n: Muro Base: E27 Volts: 100 &#8211; 127 V ~ Potencia: 13 W Temperatura de color: 2 700 K Corte de empotramiento: 225 x 74 mm IP: 44 L\u00e1mpara fluorescente de 13 W<\/p>\n","protected":false},"excerpt":{"rendered":"<p>L\u00e1mpara de exterior para empotrar, Base E27, IP44, No incluye foco VIVE UNA NUEVA ERA CON ACENTOS DE LUZ Y CREA EL MEJOR AMBIENTE QUE EMBELLEZCA PEQUE\u00d1OS DETALLES DEL EXTERIOR. Cuenta con un \u00edndice de protecci\u00f3n IP44, lo que mantiene a esta l\u00e1mpara protegida contra objetos y salpicadura de agua en cualquier direcci\u00f3n. Terminado: Blanco [&hellip;]<\/p>\n","protected":false},"featured_media":7723,"comment_status":"open","ping_status":"closed","template":"","meta":{"_et_pb_use_builder":"","_et_pb_old_content":"","_et_gb_content_width":"","_editorskit_title_hidden":false,"_editorskit_reading_time":0,"_editorskit_typography_data":[],"_editorskit_blocks_typography":"","_editorskit_is_block_options_detached":false,"_editorskit_block_options_position":"{}","_coblocks_attr":"","_coblocks_dimensions":"","_coblocks_responsive_height":"","_coblocks_accordion_ie_support":"","spay_email":""},"product_cat":[159,175,77,135],"product_tag":[183,74,137],"_links":{"self":[{"href":"https:\/\/www.centraldefocos.com\/productos\/wp-json\/wp\/v2\/product\/7718"}],"collection":[{"href":"https:\/\/www.centraldefocos.com\/productos\/wp-json\/wp\/v2\/product"}],"about":[{"href":"https:\/\/www.centraldefocos.com\/productos\/wp-json\/wp\/v2\/types\/product"}],"replies":[{"embeddable":true,"href":"https:\/\/www.centraldefocos.com\/productos\/wp-json\/wp\/v2\/comments?post=7718"}],"wp:featuredmedia":[{"embeddable":true,"href":"https:\/\/www.centraldefocos.com\/productos\/wp-json\/wp\/v2\/media\/7723"}],"wp:attachment":[{"href":"https:\/\/www.centraldefocos.com\/productos\/wp-json\/wp\/v2\/media?parent=7718"}],"wp:term":[{"taxonomy":"product_cat","embeddable":true,"href":"https:\/\/www.centraldefocos.com\/productos\/wp-json\/wp\/v2\/product_cat?post=7718"},{"taxonomy":"product_tag","embeddable":true,"href":"https:\/\/www.centraldefocos.com\/productos\/wp-json\/wp\/v2\/product_tag?post=7718"}],"curies":[{"name":"wp","href":"https:\/\/api.w.org\/{rel}","templated":true}]}}