{"id":7710,"date":"2022-07-25T17:50:51","date_gmt":"2022-07-25T17:50:51","guid":{"rendered":"https:\/\/www.centraldefocos.com\/productos\/?post_type=product&#038;p=7710"},"modified":"2022-07-25T17:50:51","modified_gmt":"2022-07-25T17:50:51","slug":"lampara-solar-led-con-estaca-1-5-w-luz-suave-calida-3-modos-de-luz-ip65-ik05-no-atenuable-led-integrado-1solled21vcd30n","status":"publish","type":"product","link":"https:\/\/www.centraldefocos.com\/productos\/product\/lampara-solar-led-con-estaca-1-5-w-luz-suave-calida-3-modos-de-luz-ip65-ik05-no-atenuable-led-integrado-1solled21vcd30n\/","title":{"rendered":"L\u00e1mpara Solar LED con Estaca, 1.5 W, Luz Suave C\u00e1lida, 3 Modos de Luz, IP65, IK05, No atenuable, LED integrado | 1SOLLED21VCD30N"},"content":{"rendered":"<p>Aprovecha la energ\u00eda del sol e ilumina cualquier espacio exterior durante las noches con esta l\u00e1mpara LED. La iluminaci\u00f3n con energ\u00eda solar es una forma rentable y ecol\u00f3gica de mejorar cualquier aplicaci\u00f3n al aire libre. Con un dise\u00f1o todo en uno, este modelo tiene el panel solar y la bater\u00eda integrados dentro de la l\u00e1mpara. \u00a1Ahorra, genera espacios seguros y entornos bien iluminados!<\/p>\n<p>Tienen muchas ventajas, incluyendo pr\u00e1cticamente cero mantenimiento y costo de funcionamiento. Son perfectos para situaciones de iluminaci\u00f3n fuera de la red el\u00e9ctrica y de \u00e1reas remotas, adem\u00e1s sirven para impedir una instalaci\u00f3n de cables o perforar superficies.<\/p>\n<p><strong>CARACTER\u00cdSTICAS PRINCIPALES<\/strong><br \/>\n\u00a12 M\u00e9todos de Instalaci\u00f3n!: Puedes elegir entre encajar sobre tierra o jard\u00edn con la estaca incluida o colocar sobre una pared retirando este accesorios de forma sencilla, ajusta el \u00e1ngulo y \u00a1listo!.<\/p>\n<p>3 Modos de iluminaci\u00f3n: Desde el bot\u00f3n que se encuentra en la parte trasera del producto, elige en cualquier momento cambiar el funcionamiento:<\/p>\n<ul>\n<li>Modo 1: La l\u00e1mpara permanece con una LUZ BAJA. Presiona una vez el bot\u00f3n, la l\u00e1mpara se carga durante el d\u00eda y encender\u00e1 solo por las noches o en la oscuridad. Su tiempo de trabajo ser\u00e1 de 12 horas continuas.<\/li>\n<li>Modo 2: La l\u00e1mpara permanece con una LUZ ALTA. Presiona dos veces el bot\u00f3n, la l\u00e1mpara se carga durante el d\u00eda y encender\u00e1 solo por las noches o en la oscuridad. Su tiempo de trabajo ser\u00e1 de 6 horas continuas.<\/li>\n<li>Modo 3: La l\u00e1mpara permanece APAGADA, sobre la selecci\u00f3n de LUZ ALTA presione nuevamente el bot\u00f3n y la l\u00e1mpara permanecer\u00e1 apagada por las noches..<\/li>\n<li>Aprovecha hasta 12 horas de uso por carga solar.<\/li>\n<li>Protecci\u00f3n IP65: la l\u00e1mpara queda resguardada del polvo y chorros de agua en cualquier direcci\u00f3n.<\/li>\n<li>Protecci\u00f3n IK05: resistente contra un impacto de objetos de 200 grs lanzados de una distancia de 35 cm.<\/li>\n<li>1.5 W, Luz Suave C\u00e1lida 3000 Kelvin, No atenuable.<\/li>\n<\/ul>\n","protected":false},"excerpt":{"rendered":"<p>Aprovecha la energ\u00eda del sol e ilumina cualquier espacio exterior durante las noches con esta l\u00e1mpara LED. La iluminaci\u00f3n con energ\u00eda solar es una forma rentable y ecol\u00f3gica de mejorar cualquier aplicaci\u00f3n al aire libre. Con un dise\u00f1o todo en uno, este modelo tiene el panel solar y la bater\u00eda integrados dentro de la l\u00e1mpara. [&hellip;]<\/p>\n","protected":false},"featured_media":7717,"comment_status":"open","ping_status":"closed","template":"","meta":{"_et_pb_use_builder":"","_et_pb_old_content":"","_et_gb_content_width":"","_editorskit_title_hidden":false,"_editorskit_reading_time":0,"_editorskit_typography_data":[],"_editorskit_blocks_typography":"","_editorskit_is_block_options_detached":false,"_editorskit_block_options_position":"{}","_coblocks_attr":"","_coblocks_dimensions":"","_coblocks_responsive_height":"","_coblocks_accordion_ie_support":"","spay_email":""},"product_cat":[166,77,99,109,135],"product_tag":[167,182,130,137],"_links":{"self":[{"href":"https:\/\/www.centraldefocos.com\/productos\/wp-json\/wp\/v2\/product\/7710"}],"collection":[{"href":"https:\/\/www.centraldefocos.com\/productos\/wp-json\/wp\/v2\/product"}],"about":[{"href":"https:\/\/www.centraldefocos.com\/productos\/wp-json\/wp\/v2\/types\/product"}],"replies":[{"embeddable":true,"href":"https:\/\/www.centraldefocos.com\/productos\/wp-json\/wp\/v2\/comments?post=7710"}],"wp:featuredmedia":[{"embeddable":true,"href":"https:\/\/www.centraldefocos.com\/productos\/wp-json\/wp\/v2\/media\/7717"}],"wp:attachment":[{"href":"https:\/\/www.centraldefocos.com\/productos\/wp-json\/wp\/v2\/media?parent=7710"}],"wp:term":[{"taxonomy":"product_cat","embeddable":true,"href":"https:\/\/www.centraldefocos.com\/productos\/wp-json\/wp\/v2\/product_cat?post=7710"},{"taxonomy":"product_tag","embeddable":true,"href":"https:\/\/www.centraldefocos.com\/productos\/wp-json\/wp\/v2\/product_tag?post=7710"}],"curies":[{"name":"wp","href":"https:\/\/api.w.org\/{rel}","templated":true}]}}