{"id":7695,"date":"2022-07-25T17:40:09","date_gmt":"2022-07-25T17:40:09","guid":{"rendered":"https:\/\/www.centraldefocos.com\/productos\/?post_type=product&#038;p=7695"},"modified":"2022-07-25T17:40:09","modified_gmt":"2022-07-25T17:40:09","slug":"lampara-de-exterior-para-sobreponer-base-e27-h-810-b","status":"publish","type":"product","link":"https:\/\/www.centraldefocos.com\/productos\/product\/lampara-de-exterior-para-sobreponer-base-e27-h-810-b\/","title":{"rendered":"L\u00e1mpara de exterior para sobreponer, Base E27 | H-810\/B"},"content":{"rendered":"<p>L\u00e1mpara de exterior para sobreponer, Base E27 REINVENTA TUS MOMENTOS Y SUMINISTRA UNA AMPLIA ILUMINACI\u00d3N AL EXTERIOR CON UNA VARIEDAD DE ESTILOS. Terminado: Blanco Material: ABS Aplicaci\u00f3n: Muro Base: E27 Volts: 100 &#8211; 240 V ~ Potencia: 15 W IP: 45 Foco no incluido, L\u00e1mpara sugerida fluorescente 15 W<\/p>\n","protected":false},"excerpt":{"rendered":"<p>L\u00e1mpara de exterior para sobreponer, Base E27 REINVENTA TUS MOMENTOS Y SUMINISTRA UNA AMPLIA ILUMINACI\u00d3N AL EXTERIOR CON UNA VARIEDAD DE ESTILOS. Terminado: Blanco Material: ABS Aplicaci\u00f3n: Muro Base: E27 Volts: 100 &#8211; 240 V ~ Potencia: 15 W IP: 45 Foco no incluido, L\u00e1mpara sugerida fluorescente 15 W<\/p>\n","protected":false},"featured_media":7699,"comment_status":"open","ping_status":"closed","template":"","meta":{"_et_pb_use_builder":"","_et_pb_old_content":"","_et_gb_content_width":"","_editorskit_title_hidden":false,"_editorskit_reading_time":0,"_editorskit_typography_data":[],"_editorskit_blocks_typography":"","_editorskit_is_block_options_detached":false,"_editorskit_block_options_position":"{}","_coblocks_attr":"","_coblocks_dimensions":"","_coblocks_responsive_height":"","_coblocks_accordion_ie_support":"","spay_email":""},"product_cat":[175,77,99,135],"product_tag":[181,74,137],"_links":{"self":[{"href":"https:\/\/www.centraldefocos.com\/productos\/wp-json\/wp\/v2\/product\/7695"}],"collection":[{"href":"https:\/\/www.centraldefocos.com\/productos\/wp-json\/wp\/v2\/product"}],"about":[{"href":"https:\/\/www.centraldefocos.com\/productos\/wp-json\/wp\/v2\/types\/product"}],"replies":[{"embeddable":true,"href":"https:\/\/www.centraldefocos.com\/productos\/wp-json\/wp\/v2\/comments?post=7695"}],"wp:featuredmedia":[{"embeddable":true,"href":"https:\/\/www.centraldefocos.com\/productos\/wp-json\/wp\/v2\/media\/7699"}],"wp:attachment":[{"href":"https:\/\/www.centraldefocos.com\/productos\/wp-json\/wp\/v2\/media?parent=7695"}],"wp:term":[{"taxonomy":"product_cat","embeddable":true,"href":"https:\/\/www.centraldefocos.com\/productos\/wp-json\/wp\/v2\/product_cat?post=7695"},{"taxonomy":"product_tag","embeddable":true,"href":"https:\/\/www.centraldefocos.com\/productos\/wp-json\/wp\/v2\/product_tag?post=7695"}],"curies":[{"name":"wp","href":"https:\/\/api.w.org\/{rel}","templated":true}]}}