{"id":7691,"date":"2022-07-25T17:37:05","date_gmt":"2022-07-25T17:37:05","guid":{"rendered":"https:\/\/www.centraldefocos.com\/productos\/?post_type=product&#038;p=7691"},"modified":"2022-07-25T17:37:05","modified_gmt":"2022-07-25T17:37:05","slug":"lampara-de-exterior-led-para-sobreponer-14-w-luz-de-dia-base-e27-14glled20mv65cf","status":"publish","type":"product","link":"https:\/\/www.centraldefocos.com\/productos\/product\/lampara-de-exterior-led-para-sobreponer-14-w-luz-de-dia-base-e27-14glled20mv65cf\/","title":{"rendered":"L\u00e1mpara de exterior LED para sobreponer, 14 W, Luz de D\u00eda, Base E27 | 14GLLED20MV65CF"},"content":{"rendered":"<p>L\u00e1mpara de exterior LED para sobreponer, 14 W, Luz de D\u00eda, Base E27 REINVENTA TUS MOMENTOS Y SUMINISTRA UNA AMPLIA ILUMINACI\u00d3N AL EXTERIOR CON UNA VARIEDAD DE ESTILOS. Cuenta con un \u00edndice de protecci\u00f3n IP44, lo que mantiene a esta l\u00e1mpara protegida contra objetos y salpicadura de agua en cualquier direcci\u00f3n. Terminado: Caf\u00e9 Material: Policarbonato Aplicaci\u00f3n: Muro Base: E27 Volts: 100 &#8211; 240 V ~ Potencia: 14 W Horas de vida: 15000 horas \u00c1ngulo de apertura: 220\u00b0 Color de luz: Luz de d\u00eda Temperatura de color: 6 500 K Flujo luminoso: 1300 lm Atenuable: No IP: 44 Incluye l\u00e1mpara LED 14 W<\/p>\n","protected":false},"excerpt":{"rendered":"<p>L\u00e1mpara de exterior LED para sobreponer, 14 W, Luz de D\u00eda, Base E27 REINVENTA TUS MOMENTOS Y SUMINISTRA UNA AMPLIA ILUMINACI\u00d3N AL EXTERIOR CON UNA VARIEDAD DE ESTILOS. Cuenta con un \u00edndice de protecci\u00f3n IP44, lo que mantiene a esta l\u00e1mpara protegida contra objetos y salpicadura de agua en cualquier direcci\u00f3n. Terminado: Caf\u00e9 Material: Policarbonato [&hellip;]<\/p>\n","protected":false},"featured_media":7694,"comment_status":"open","ping_status":"closed","template":"","meta":{"_et_pb_use_builder":"","_et_pb_old_content":"","_et_gb_content_width":"","_editorskit_title_hidden":false,"_editorskit_reading_time":0,"_editorskit_typography_data":[],"_editorskit_blocks_typography":"","_editorskit_is_block_options_detached":false,"_editorskit_block_options_position":"{}","_coblocks_attr":"","_coblocks_dimensions":"","_coblocks_responsive_height":"","_coblocks_accordion_ie_support":"","spay_email":""},"product_cat":[175,77,99,135],"product_tag":[176,137],"_links":{"self":[{"href":"https:\/\/www.centraldefocos.com\/productos\/wp-json\/wp\/v2\/product\/7691"}],"collection":[{"href":"https:\/\/www.centraldefocos.com\/productos\/wp-json\/wp\/v2\/product"}],"about":[{"href":"https:\/\/www.centraldefocos.com\/productos\/wp-json\/wp\/v2\/types\/product"}],"replies":[{"embeddable":true,"href":"https:\/\/www.centraldefocos.com\/productos\/wp-json\/wp\/v2\/comments?post=7691"}],"wp:featuredmedia":[{"embeddable":true,"href":"https:\/\/www.centraldefocos.com\/productos\/wp-json\/wp\/v2\/media\/7694"}],"wp:attachment":[{"href":"https:\/\/www.centraldefocos.com\/productos\/wp-json\/wp\/v2\/media?parent=7691"}],"wp:term":[{"taxonomy":"product_cat","embeddable":true,"href":"https:\/\/www.centraldefocos.com\/productos\/wp-json\/wp\/v2\/product_cat?post=7691"},{"taxonomy":"product_tag","embeddable":true,"href":"https:\/\/www.centraldefocos.com\/productos\/wp-json\/wp\/v2\/product_tag?post=7691"}],"curies":[{"name":"wp","href":"https:\/\/api.w.org\/{rel}","templated":true}]}}