{"id":7680,"date":"2022-07-25T17:29:21","date_gmt":"2022-07-25T17:29:21","guid":{"rendered":"https:\/\/www.centraldefocos.com\/productos\/?post_type=product&#038;p=7680"},"modified":"2022-07-25T17:29:21","modified_gmt":"2022-07-25T17:29:21","slug":"lampara-de-exterior-led-sumergible-de-baja-profundidad-1-metro-3-w-12-volts-luz-suave-calida-h-520-3w-30","status":"publish","type":"product","link":"https:\/\/www.centraldefocos.com\/productos\/product\/lampara-de-exterior-led-sumergible-de-baja-profundidad-1-metro-3-w-12-volts-luz-suave-calida-h-520-3w-30\/","title":{"rendered":"L\u00e1mpara de exterior LED sumergible de baja profundidad (1 metro), 3 W, 12 Volts, Luz suave c\u00e1lida H-520\/3W\/30"},"content":{"rendered":"<p>L\u00e1mpara de exterior LED sumergible de baja profundidad (1 metro), 3 W, 12 Volts, Luz suave c\u00e1lida VIVE UNA NUEVA ERA CON ACENTOS DE LUZ Y CREA EL MEJOR AMBIENTE QUE EMBELLEZCA PEQUE\u00d1OS DETALLES DEL EXTERIOR. Crea atm\u00f3sferas de confort, intimidad y relajaci\u00f3n o a\u00f1ade dramatismo a tus espacios resaltando relieves y texturas de tus exteriores. Terminado: Satinado Material: L\u00e1mina de acero Aplicaci\u00f3n: Piso Volts: 12 VDC Potencia: 3 W Horas de vida: 20000 horas \u00c1ngulo de apertura: 20\u00b0 Color de luz: Luz suave c\u00e1lida Temperatura de color: 3 000 K Flujo luminoso: 150 lm Corte de empotramiento: 100 mm Atenuable: No IP: 68<\/p>\n","protected":false},"excerpt":{"rendered":"<p>L\u00e1mpara de exterior LED sumergible de baja profundidad (1 metro), 3 W, 12 Volts, Luz suave c\u00e1lida VIVE UNA NUEVA ERA CON ACENTOS DE LUZ Y CREA EL MEJOR AMBIENTE QUE EMBELLEZCA PEQUE\u00d1OS DETALLES DEL EXTERIOR. Crea atm\u00f3sferas de confort, intimidad y relajaci\u00f3n o a\u00f1ade dramatismo a tus espacios resaltando relieves y texturas de tus [&hellip;]<\/p>\n","protected":false},"featured_media":7684,"comment_status":"open","ping_status":"closed","template":"","meta":{"_et_pb_use_builder":"","_et_pb_old_content":"","_et_gb_content_width":"","_editorskit_title_hidden":false,"_editorskit_reading_time":0,"_editorskit_typography_data":[],"_editorskit_blocks_typography":"","_editorskit_is_block_options_detached":false,"_editorskit_block_options_position":"{}","_coblocks_attr":"","_coblocks_dimensions":"","_coblocks_responsive_height":"","_coblocks_accordion_ie_support":"","spay_email":""},"product_cat":[175,77,99,135],"product_tag":[176,74,177,137],"_links":{"self":[{"href":"https:\/\/www.centraldefocos.com\/productos\/wp-json\/wp\/v2\/product\/7680"}],"collection":[{"href":"https:\/\/www.centraldefocos.com\/productos\/wp-json\/wp\/v2\/product"}],"about":[{"href":"https:\/\/www.centraldefocos.com\/productos\/wp-json\/wp\/v2\/types\/product"}],"replies":[{"embeddable":true,"href":"https:\/\/www.centraldefocos.com\/productos\/wp-json\/wp\/v2\/comments?post=7680"}],"wp:featuredmedia":[{"embeddable":true,"href":"https:\/\/www.centraldefocos.com\/productos\/wp-json\/wp\/v2\/media\/7684"}],"wp:attachment":[{"href":"https:\/\/www.centraldefocos.com\/productos\/wp-json\/wp\/v2\/media?parent=7680"}],"wp:term":[{"taxonomy":"product_cat","embeddable":true,"href":"https:\/\/www.centraldefocos.com\/productos\/wp-json\/wp\/v2\/product_cat?post=7680"},{"taxonomy":"product_tag","embeddable":true,"href":"https:\/\/www.centraldefocos.com\/productos\/wp-json\/wp\/v2\/product_tag?post=7680"}],"curies":[{"name":"wp","href":"https:\/\/api.w.org\/{rel}","templated":true}]}}