{"id":7635,"date":"2022-06-04T00:03:47","date_gmt":"2022-06-04T00:03:47","guid":{"rendered":"https:\/\/www.centraldefocos.com\/productos\/?post_type=product&#038;p=7635"},"modified":"2022-06-04T00:03:48","modified_gmt":"2022-06-04T00:03:48","slug":"lampara-para-jardin-exterior-bps-003n2","status":"publish","type":"product","link":"https:\/\/www.centraldefocos.com\/productos\/product\/lampara-para-jardin-exterior-bps-003n2\/","title":{"rendered":"Lampara para jardin exterior BPS-003N2"},"content":{"rendered":"<h2>Caracter\u00edsticas<\/h2>\n<table border=\"1\">\n<tbody>\n<tr>\n<td>Material<\/td>\n<td>Aluminio + Vidrio<\/td>\n<\/tr>\n<tr>\n<td>Terminado<\/td>\n<td>Negro<\/td>\n<\/tr>\n<tr>\n<td>Base<\/td>\n<td>GU10<\/td>\n<\/tr>\n<tr>\n<td>Dimensiones mm<\/td>\n<td>\u00f898*95*218 mm<\/td>\n<\/tr>\n<tr>\n<td>Volts<\/td>\n<td>127 V ~<\/td>\n<\/tr>\n<tr>\n<td>Potencia Max<\/td>\n<td>35 W<\/td>\n<\/tr>\n<tr>\n<td>Indice de protecci\u00f3n<\/td>\n<td>IP54<\/td>\n<\/tr>\n<\/tbody>\n<\/table>\n","protected":false},"excerpt":{"rendered":"<p>Caracter\u00edsticas Material Aluminio + Vidrio Terminado Negro Base GU10 Dimensiones mm \u00f898*95*218 mm Volts 127 V ~ Potencia Max 35 W Indice de protecci\u00f3n IP54<\/p>\n","protected":false},"featured_media":7636,"comment_status":"open","ping_status":"closed","template":"","meta":{"_et_pb_use_builder":"","_et_pb_old_content":"","_et_gb_content_width":"","_editorskit_title_hidden":false,"_editorskit_reading_time":0,"_editorskit_typography_data":[],"_editorskit_blocks_typography":"","_editorskit_is_block_options_detached":false,"_editorskit_block_options_position":"{}","_coblocks_attr":"","_coblocks_dimensions":"","_coblocks_responsive_height":"","_coblocks_accordion_ie_support":"","spay_email":""},"product_cat":[166,77,103],"product_tag":[167,105],"_links":{"self":[{"href":"https:\/\/www.centraldefocos.com\/productos\/wp-json\/wp\/v2\/product\/7635"}],"collection":[{"href":"https:\/\/www.centraldefocos.com\/productos\/wp-json\/wp\/v2\/product"}],"about":[{"href":"https:\/\/www.centraldefocos.com\/productos\/wp-json\/wp\/v2\/types\/product"}],"replies":[{"embeddable":true,"href":"https:\/\/www.centraldefocos.com\/productos\/wp-json\/wp\/v2\/comments?post=7635"}],"wp:featuredmedia":[{"embeddable":true,"href":"https:\/\/www.centraldefocos.com\/productos\/wp-json\/wp\/v2\/media\/7636"}],"wp:attachment":[{"href":"https:\/\/www.centraldefocos.com\/productos\/wp-json\/wp\/v2\/media?parent=7635"}],"wp:term":[{"taxonomy":"product_cat","embeddable":true,"href":"https:\/\/www.centraldefocos.com\/productos\/wp-json\/wp\/v2\/product_cat?post=7635"},{"taxonomy":"product_tag","embeddable":true,"href":"https:\/\/www.centraldefocos.com\/productos\/wp-json\/wp\/v2\/product_tag?post=7635"}],"curies":[{"name":"wp","href":"https:\/\/api.w.org\/{rel}","templated":true}]}}