{"id":7626,"date":"2022-05-18T14:59:58","date_gmt":"2022-05-18T14:59:58","guid":{"rendered":"https:\/\/www.centraldefocos.com\/productos\/?post_type=product&#038;p=7626"},"modified":"2022-05-18T14:59:58","modified_gmt":"2022-05-18T14:59:58","slug":"lampara-maha-4","status":"publish","type":"product","link":"https:\/\/www.centraldefocos.com\/productos\/product\/lampara-maha-4\/","title":{"rendered":"L\u00e1mpara MAHA-4"},"content":{"rendered":"<p>MAHA-4, es una l\u00e1mpara dise\u00f1ada con un toque vintage y elegante, Ideal para amenizar tu hogar o negocio.<\/p>\n<p><img loading=\"lazy\" class=\"alignnone size-full wp-image-7627\" src=\"https:\/\/www.centraldefocos.com\/productos\/wp-content\/uploads\/2022\/05\/Screen-Shot-2022-05-18-at-9.56.01-a.m..png\" alt=\"\" width=\"677\" height=\"673\" srcset=\"https:\/\/www.centraldefocos.com\/productos\/wp-content\/uploads\/2022\/05\/Screen-Shot-2022-05-18-at-9.56.01-a.m..png 677w, https:\/\/www.centraldefocos.com\/productos\/wp-content\/uploads\/2022\/05\/Screen-Shot-2022-05-18-at-9.56.01-a.m.-480x477.png 480w\" sizes=\"(min-width: 0px) and (max-width: 480px) 480px, (min-width: 481px) 677px, 100vw\" \/> <img loading=\"lazy\" class=\"alignnone size-full wp-image-7628\" src=\"https:\/\/www.centraldefocos.com\/productos\/wp-content\/uploads\/2022\/05\/Screen-Shot-2022-05-18-at-9.55.49-a.m..png\" alt=\"\" width=\"678\" height=\"717\" srcset=\"https:\/\/www.centraldefocos.com\/productos\/wp-content\/uploads\/2022\/05\/Screen-Shot-2022-05-18-at-9.55.49-a.m..png 678w, https:\/\/www.centraldefocos.com\/productos\/wp-content\/uploads\/2022\/05\/Screen-Shot-2022-05-18-at-9.55.49-a.m.-480x508.png 480w\" sizes=\"(min-width: 0px) and (max-width: 480px) 480px, (min-width: 481px) 678px, 100vw\" \/><\/p>\n<p><iframe loading=\"lazy\" title=\"LO NUEVO EN ILUMINACI\u00d3N 2021\" width=\"1080\" height=\"608\" src=\"https:\/\/www.youtube.com\/embed\/oegJjuYEZ38?feature=oembed\"  allow=\"accelerometer; autoplay; clipboard-write; encrypted-media; gyroscope; picture-in-picture\" allowfullscreen><\/iframe><\/p>\n","protected":false},"excerpt":{"rendered":"<p>MAHA-4, es una l\u00e1mpara dise\u00f1ada con un toque vintage y elegante, Ideal para amenizar tu hogar o negocio.<\/p>\n","protected":false},"featured_media":7629,"comment_status":"open","ping_status":"closed","template":"","meta":{"_et_pb_use_builder":"","_et_pb_old_content":"","_et_gb_content_width":"","_editorskit_title_hidden":false,"_editorskit_reading_time":0,"_editorskit_typography_data":[],"_editorskit_blocks_typography":"","_editorskit_is_block_options_detached":false,"_editorskit_block_options_position":"{}","_coblocks_attr":"","_coblocks_dimensions":"","_coblocks_responsive_height":"","_coblocks_accordion_ie_support":"","spay_email":""},"product_cat":[136,86],"product_tag":[140,162,87],"_links":{"self":[{"href":"https:\/\/www.centraldefocos.com\/productos\/wp-json\/wp\/v2\/product\/7626"}],"collection":[{"href":"https:\/\/www.centraldefocos.com\/productos\/wp-json\/wp\/v2\/product"}],"about":[{"href":"https:\/\/www.centraldefocos.com\/productos\/wp-json\/wp\/v2\/types\/product"}],"replies":[{"embeddable":true,"href":"https:\/\/www.centraldefocos.com\/productos\/wp-json\/wp\/v2\/comments?post=7626"}],"wp:featuredmedia":[{"embeddable":true,"href":"https:\/\/www.centraldefocos.com\/productos\/wp-json\/wp\/v2\/media\/7629"}],"wp:attachment":[{"href":"https:\/\/www.centraldefocos.com\/productos\/wp-json\/wp\/v2\/media?parent=7626"}],"wp:term":[{"taxonomy":"product_cat","embeddable":true,"href":"https:\/\/www.centraldefocos.com\/productos\/wp-json\/wp\/v2\/product_cat?post=7626"},{"taxonomy":"product_tag","embeddable":true,"href":"https:\/\/www.centraldefocos.com\/productos\/wp-json\/wp\/v2\/product_tag?post=7626"}],"curies":[{"name":"wp","href":"https:\/\/api.w.org\/{rel}","templated":true}]}}