{"id":7622,"date":"2022-05-18T14:54:44","date_gmt":"2022-05-18T14:54:44","guid":{"rendered":"https:\/\/www.centraldefocos.com\/productos\/?post_type=product&#038;p=7622"},"modified":"2022-05-18T14:54:44","modified_gmt":"2022-05-18T14:54:44","slug":"portalamparas-para-empotrar-eg-shell-g1","status":"publish","type":"product","link":"https:\/\/www.centraldefocos.com\/productos\/product\/portalamparas-para-empotrar-eg-shell-g1\/","title":{"rendered":"Portal\u00e1mparas para empotrar EG-SHELL-G1"},"content":{"rendered":"<p>Portal\u00e1mparas para empotrar direccionable su dise\u00f1o moderno y elegante ideal para crear ambientes y acentuar espacios dado como: galer\u00edas, cafeter\u00edas, habitaciones , joyer\u00edas, saunas, estancias, restaurantes, salas de estar, consultorios entre otros.<\/p>\n<p><img loading=\"lazy\" class=\"alignnone size-full wp-image-7623\" src=\"https:\/\/www.centraldefocos.com\/productos\/wp-content\/uploads\/2022\/05\/Screen-Shot-2022-05-18-at-9.52.12-a.m..png\" alt=\"\" width=\"675\" height=\"675\" srcset=\"https:\/\/www.centraldefocos.com\/productos\/wp-content\/uploads\/2022\/05\/Screen-Shot-2022-05-18-at-9.52.12-a.m..png 675w, https:\/\/www.centraldefocos.com\/productos\/wp-content\/uploads\/2022\/05\/Screen-Shot-2022-05-18-at-9.52.12-a.m.-480x480.png 480w\" sizes=\"(min-width: 0px) and (max-width: 480px) 480px, (min-width: 481px) 675px, 100vw\" \/> <img loading=\"lazy\" class=\"alignnone size-full wp-image-7624\" src=\"https:\/\/www.centraldefocos.com\/productos\/wp-content\/uploads\/2022\/05\/Screen-Shot-2022-05-18-at-9.52.00-a.m..png\" alt=\"\" width=\"676\" height=\"678\" srcset=\"https:\/\/www.centraldefocos.com\/productos\/wp-content\/uploads\/2022\/05\/Screen-Shot-2022-05-18-at-9.52.00-a.m..png 676w, https:\/\/www.centraldefocos.com\/productos\/wp-content\/uploads\/2022\/05\/Screen-Shot-2022-05-18-at-9.52.00-a.m.-480x481.png 480w\" sizes=\"(min-width: 0px) and (max-width: 480px) 480px, (min-width: 481px) 676px, 100vw\" \/><\/p>\n<p><iframe loading=\"lazy\" title=\"PORTAL\u00c1MPARA | SHELL G1\" width=\"1080\" height=\"608\" src=\"https:\/\/www.youtube.com\/embed\/Dn66DcXlJxI?feature=oembed\"  allow=\"accelerometer; autoplay; clipboard-write; encrypted-media; gyroscope; picture-in-picture\" allowfullscreen><\/iframe><\/p>\n","protected":false},"excerpt":{"rendered":"<p>Portal\u00e1mparas para empotrar direccionable su dise\u00f1o moderno y elegante ideal para crear ambientes y acentuar espacios dado como: galer\u00edas, cafeter\u00edas, habitaciones , joyer\u00edas, saunas, estancias, restaurantes, salas de estar, consultorios entre otros.<\/p>\n","protected":false},"featured_media":7625,"comment_status":"open","ping_status":"closed","template":"","meta":{"_et_pb_use_builder":"","_et_pb_old_content":"","_et_gb_content_width":"","_editorskit_title_hidden":false,"_editorskit_reading_time":0,"_editorskit_typography_data":[],"_editorskit_blocks_typography":"","_editorskit_is_block_options_detached":false,"_editorskit_block_options_position":"{}","_coblocks_attr":"","_coblocks_dimensions":"","_coblocks_responsive_height":"","_coblocks_accordion_ie_support":"","spay_email":""},"product_cat":[159,86,158],"product_tag":[160,87,161],"_links":{"self":[{"href":"https:\/\/www.centraldefocos.com\/productos\/wp-json\/wp\/v2\/product\/7622"}],"collection":[{"href":"https:\/\/www.centraldefocos.com\/productos\/wp-json\/wp\/v2\/product"}],"about":[{"href":"https:\/\/www.centraldefocos.com\/productos\/wp-json\/wp\/v2\/types\/product"}],"replies":[{"embeddable":true,"href":"https:\/\/www.centraldefocos.com\/productos\/wp-json\/wp\/v2\/comments?post=7622"}],"wp:featuredmedia":[{"embeddable":true,"href":"https:\/\/www.centraldefocos.com\/productos\/wp-json\/wp\/v2\/media\/7625"}],"wp:attachment":[{"href":"https:\/\/www.centraldefocos.com\/productos\/wp-json\/wp\/v2\/media?parent=7622"}],"wp:term":[{"taxonomy":"product_cat","embeddable":true,"href":"https:\/\/www.centraldefocos.com\/productos\/wp-json\/wp\/v2\/product_cat?post=7622"},{"taxonomy":"product_tag","embeddable":true,"href":"https:\/\/www.centraldefocos.com\/productos\/wp-json\/wp\/v2\/product_tag?post=7622"}],"curies":[{"name":"wp","href":"https:\/\/api.w.org\/{rel}","templated":true}]}}