{"id":7618,"date":"2022-05-18T14:51:02","date_gmt":"2022-05-18T14:51:02","guid":{"rendered":"https:\/\/www.centraldefocos.com\/productos\/?post_type=product&#038;p=7618"},"modified":"2022-05-18T14:51:03","modified_gmt":"2022-05-18T14:51:03","slug":"luminaria-suspendida-eg-cone-7w","status":"publish","type":"product","link":"https:\/\/www.centraldefocos.com\/productos\/product\/luminaria-suspendida-eg-cone-7w\/","title":{"rendered":"Luminaria suspendida EG-CONE-7W"},"content":{"rendered":"<p>Luminaria suspendida mediante un cable de acero con un sistema de luz LED de \u00faltima generaci\u00f3n, construido con los mejores materiales y acabados de calidad dise\u00f1ada con policarbonato y marco de aluminio de alta resistencia, se recomienda instalar en: lobbies, salas de estar, consultorios, restaurantes, cafeter\u00edas, spas, y m\u00e1s.<\/p>\n<p><img loading=\"lazy\" class=\"alignnone size-full wp-image-7619\" src=\"https:\/\/www.centraldefocos.com\/productos\/wp-content\/uploads\/2022\/05\/Screen-Shot-2022-05-18-at-9.49.23-a.m..png\" alt=\"\" width=\"677\" height=\"659\" srcset=\"https:\/\/www.centraldefocos.com\/productos\/wp-content\/uploads\/2022\/05\/Screen-Shot-2022-05-18-at-9.49.23-a.m..png 677w, https:\/\/www.centraldefocos.com\/productos\/wp-content\/uploads\/2022\/05\/Screen-Shot-2022-05-18-at-9.49.23-a.m.-480x467.png 480w\" sizes=\"(min-width: 0px) and (max-width: 480px) 480px, (min-width: 481px) 677px, 100vw\" \/> <img loading=\"lazy\" class=\"alignnone size-full wp-image-7620\" src=\"https:\/\/www.centraldefocos.com\/productos\/wp-content\/uploads\/2022\/05\/Screen-Shot-2022-05-18-at-9.49.10-a.m..png\" alt=\"\" width=\"678\" height=\"748\" srcset=\"https:\/\/www.centraldefocos.com\/productos\/wp-content\/uploads\/2022\/05\/Screen-Shot-2022-05-18-at-9.49.10-a.m..png 678w, https:\/\/www.centraldefocos.com\/productos\/wp-content\/uploads\/2022\/05\/Screen-Shot-2022-05-18-at-9.49.10-a.m.-480x530.png 480w\" sizes=\"(min-width: 0px) and (max-width: 480px) 480px, (min-width: 481px) 678px, 100vw\" \/><\/p>\n<p><iframe loading=\"lazy\" title=\"COLGANTE | CONE\" width=\"1080\" height=\"608\" src=\"https:\/\/www.youtube.com\/embed\/eOE0wSJ01pw?feature=oembed\"  allow=\"accelerometer; autoplay; clipboard-write; encrypted-media; gyroscope; picture-in-picture\" allowfullscreen><\/iframe><\/p>\n","protected":false},"excerpt":{"rendered":"<p>Luminaria suspendida mediante un cable de acero con un sistema de luz LED de \u00faltima generaci\u00f3n, construido con los mejores materiales y acabados de calidad dise\u00f1ada con policarbonato y marco de aluminio de alta resistencia, se recomienda instalar en: lobbies, salas de estar, consultorios, restaurantes, cafeter\u00edas, spas, y m\u00e1s.<\/p>\n","protected":false},"featured_media":7621,"comment_status":"open","ping_status":"closed","template":"","meta":{"_et_pb_use_builder":"","_et_pb_old_content":"","_et_gb_content_width":"","_editorskit_title_hidden":false,"_editorskit_reading_time":0,"_editorskit_typography_data":[],"_editorskit_blocks_typography":"","_editorskit_is_block_options_detached":false,"_editorskit_block_options_position":"{}","_coblocks_attr":"","_coblocks_dimensions":"","_coblocks_responsive_height":"","_coblocks_accordion_ie_support":"","spay_email":""},"product_cat":[136,86],"product_tag":[140,157,87],"_links":{"self":[{"href":"https:\/\/www.centraldefocos.com\/productos\/wp-json\/wp\/v2\/product\/7618"}],"collection":[{"href":"https:\/\/www.centraldefocos.com\/productos\/wp-json\/wp\/v2\/product"}],"about":[{"href":"https:\/\/www.centraldefocos.com\/productos\/wp-json\/wp\/v2\/types\/product"}],"replies":[{"embeddable":true,"href":"https:\/\/www.centraldefocos.com\/productos\/wp-json\/wp\/v2\/comments?post=7618"}],"wp:featuredmedia":[{"embeddable":true,"href":"https:\/\/www.centraldefocos.com\/productos\/wp-json\/wp\/v2\/media\/7621"}],"wp:attachment":[{"href":"https:\/\/www.centraldefocos.com\/productos\/wp-json\/wp\/v2\/media?parent=7618"}],"wp:term":[{"taxonomy":"product_cat","embeddable":true,"href":"https:\/\/www.centraldefocos.com\/productos\/wp-json\/wp\/v2\/product_cat?post=7618"},{"taxonomy":"product_tag","embeddable":true,"href":"https:\/\/www.centraldefocos.com\/productos\/wp-json\/wp\/v2\/product_tag?post=7618"}],"curies":[{"name":"wp","href":"https:\/\/api.w.org\/{rel}","templated":true}]}}