{"id":7610,"date":"2022-05-18T14:44:30","date_gmt":"2022-05-18T14:44:30","guid":{"rendered":"https:\/\/www.centraldefocos.com\/productos\/?post_type=product&#038;p=7610"},"modified":"2022-05-18T14:44:30","modified_gmt":"2022-05-18T14:44:30","slug":"arbotante-eg-ghery","status":"publish","type":"product","link":"https:\/\/www.centraldefocos.com\/productos\/product\/arbotante-eg-ghery\/","title":{"rendered":"Arbotante EG-GHERY"},"content":{"rendered":"<p>Arbotante GHERY con estilo y dise\u00f1o \u00fanico, fabricado de metal y cemento con \u00e1ngulo de apertura de 90\u00b0, ideal para sobreponer en: cafeter\u00edas, fachadas, hoteles, lobbies, hogares, restaurantes y m\u00e1s.<\/p>\n<p><img loading=\"lazy\" class=\"alignnone size-full wp-image-7611\" src=\"https:\/\/www.centraldefocos.com\/productos\/wp-content\/uploads\/2022\/05\/Screen-Shot-2022-05-18-at-9.41.55-a.m..png\" alt=\"\" width=\"676\" height=\"678\" srcset=\"https:\/\/www.centraldefocos.com\/productos\/wp-content\/uploads\/2022\/05\/Screen-Shot-2022-05-18-at-9.41.55-a.m..png 676w, https:\/\/www.centraldefocos.com\/productos\/wp-content\/uploads\/2022\/05\/Screen-Shot-2022-05-18-at-9.41.55-a.m.-480x481.png 480w\" sizes=\"(min-width: 0px) and (max-width: 480px) 480px, (min-width: 481px) 676px, 100vw\" \/> <img loading=\"lazy\" class=\"alignnone size-full wp-image-7612\" src=\"https:\/\/www.centraldefocos.com\/productos\/wp-content\/uploads\/2022\/05\/Screen-Shot-2022-05-18-at-9.41.42-a.m..png\" alt=\"\" width=\"674\" height=\"712\" srcset=\"https:\/\/www.centraldefocos.com\/productos\/wp-content\/uploads\/2022\/05\/Screen-Shot-2022-05-18-at-9.41.42-a.m..png 674w, https:\/\/www.centraldefocos.com\/productos\/wp-content\/uploads\/2022\/05\/Screen-Shot-2022-05-18-at-9.41.42-a.m.-480x507.png 480w\" sizes=\"(min-width: 0px) and (max-width: 480px) 480px, (min-width: 481px) 674px, 100vw\" \/><\/p>\n<p><iframe loading=\"lazy\" title=\"ARBOTANTE | GHERY\" width=\"1080\" height=\"608\" src=\"https:\/\/www.youtube.com\/embed\/8v_hxZsUi60?feature=oembed\"  allow=\"accelerometer; autoplay; clipboard-write; encrypted-media; gyroscope; picture-in-picture\" allowfullscreen><\/iframe><\/p>\n","protected":false},"excerpt":{"rendered":"<p>Arbotante GHERY con estilo y dise\u00f1o \u00fanico, fabricado de metal y cemento con \u00e1ngulo de apertura de 90\u00b0, ideal para sobreponer en: cafeter\u00edas, fachadas, hoteles, lobbies, hogares, restaurantes y m\u00e1s.<\/p>\n","protected":false},"featured_media":7613,"comment_status":"open","ping_status":"closed","template":"","meta":{"_et_pb_use_builder":"","_et_pb_old_content":"","_et_gb_content_width":"","_editorskit_title_hidden":false,"_editorskit_reading_time":0,"_editorskit_typography_data":[],"_editorskit_blocks_typography":"","_editorskit_is_block_options_detached":false,"_editorskit_block_options_position":"{}","_coblocks_attr":"","_coblocks_dimensions":"","_coblocks_responsive_height":"","_coblocks_accordion_ie_support":"","spay_email":""},"product_cat":[90,86],"product_tag":[91,155,87],"_links":{"self":[{"href":"https:\/\/www.centraldefocos.com\/productos\/wp-json\/wp\/v2\/product\/7610"}],"collection":[{"href":"https:\/\/www.centraldefocos.com\/productos\/wp-json\/wp\/v2\/product"}],"about":[{"href":"https:\/\/www.centraldefocos.com\/productos\/wp-json\/wp\/v2\/types\/product"}],"replies":[{"embeddable":true,"href":"https:\/\/www.centraldefocos.com\/productos\/wp-json\/wp\/v2\/comments?post=7610"}],"wp:featuredmedia":[{"embeddable":true,"href":"https:\/\/www.centraldefocos.com\/productos\/wp-json\/wp\/v2\/media\/7613"}],"wp:attachment":[{"href":"https:\/\/www.centraldefocos.com\/productos\/wp-json\/wp\/v2\/media?parent=7610"}],"wp:term":[{"taxonomy":"product_cat","embeddable":true,"href":"https:\/\/www.centraldefocos.com\/productos\/wp-json\/wp\/v2\/product_cat?post=7610"},{"taxonomy":"product_tag","embeddable":true,"href":"https:\/\/www.centraldefocos.com\/productos\/wp-json\/wp\/v2\/product_tag?post=7610"}],"curies":[{"name":"wp","href":"https:\/\/api.w.org\/{rel}","templated":true}]}}