{"id":7598,"date":"2022-05-18T14:32:56","date_gmt":"2022-05-18T14:32:56","guid":{"rendered":"https:\/\/www.centraldefocos.com\/productos\/?post_type=product&#038;p=7598"},"modified":"2022-05-18T14:32:56","modified_gmt":"2022-05-18T14:32:56","slug":"lampara-con-3-brazos-eg-tiko","status":"publish","type":"product","link":"https:\/\/www.centraldefocos.com\/productos\/product\/lampara-con-3-brazos-eg-tiko\/","title":{"rendered":"L\u00e1mpara con 3 brazos EG-TIKO"},"content":{"rendered":"<p>Es una l\u00e1mpara con 3 brazos suspendidos adem\u00e1s de contar con 3 esferas dise\u00f1adas con un toque vintage, ideal para amenizar tu hogar o negocio.<\/p>\n<p><img loading=\"lazy\" class=\"alignnone size-full wp-image-7599\" src=\"https:\/\/www.centraldefocos.com\/productos\/wp-content\/uploads\/2022\/05\/Screen-Shot-2022-05-18-at-9.31.17-a.m..png\" alt=\"\" width=\"672\" height=\"662\" srcset=\"https:\/\/www.centraldefocos.com\/productos\/wp-content\/uploads\/2022\/05\/Screen-Shot-2022-05-18-at-9.31.17-a.m..png 672w, https:\/\/www.centraldefocos.com\/productos\/wp-content\/uploads\/2022\/05\/Screen-Shot-2022-05-18-at-9.31.17-a.m.-480x473.png 480w\" sizes=\"(min-width: 0px) and (max-width: 480px) 480px, (min-width: 481px) 672px, 100vw\" \/> <img loading=\"lazy\" class=\"alignnone size-full wp-image-7600\" src=\"https:\/\/www.centraldefocos.com\/productos\/wp-content\/uploads\/2022\/05\/Screen-Shot-2022-05-18-at-9.29.41-a.m..png\" alt=\"\" width=\"671\" height=\"718\" srcset=\"https:\/\/www.centraldefocos.com\/productos\/wp-content\/uploads\/2022\/05\/Screen-Shot-2022-05-18-at-9.29.41-a.m..png 671w, https:\/\/www.centraldefocos.com\/productos\/wp-content\/uploads\/2022\/05\/Screen-Shot-2022-05-18-at-9.29.41-a.m.-480x514.png 480w\" sizes=\"(min-width: 0px) and (max-width: 480px) 480px, (min-width: 481px) 671px, 100vw\" \/><\/p>\n<p><iframe loading=\"lazy\" title=\"COLGANTE| TIKO\" width=\"1080\" height=\"608\" src=\"https:\/\/www.youtube.com\/embed\/irhEDGtDe2Q?feature=oembed\"  allow=\"accelerometer; autoplay; clipboard-write; encrypted-media; gyroscope; picture-in-picture\" allowfullscreen><\/iframe><\/p>\n","protected":false},"excerpt":{"rendered":"<p>Es una l\u00e1mpara con 3 brazos suspendidos adem\u00e1s de contar con 3 esferas dise\u00f1adas con un toque vintage, ideal para amenizar tu hogar o negocio.<\/p>\n","protected":false},"featured_media":7601,"comment_status":"open","ping_status":"closed","template":"","meta":{"_et_pb_use_builder":"","_et_pb_old_content":"","_et_gb_content_width":"","_editorskit_title_hidden":false,"_editorskit_reading_time":0,"_editorskit_typography_data":[],"_editorskit_blocks_typography":"","_editorskit_is_block_options_detached":false,"_editorskit_block_options_position":"{}","_coblocks_attr":"","_coblocks_dimensions":"","_coblocks_responsive_height":"","_coblocks_accordion_ie_support":"","spay_email":""},"product_cat":[136,86],"product_tag":[140,87,152],"_links":{"self":[{"href":"https:\/\/www.centraldefocos.com\/productos\/wp-json\/wp\/v2\/product\/7598"}],"collection":[{"href":"https:\/\/www.centraldefocos.com\/productos\/wp-json\/wp\/v2\/product"}],"about":[{"href":"https:\/\/www.centraldefocos.com\/productos\/wp-json\/wp\/v2\/types\/product"}],"replies":[{"embeddable":true,"href":"https:\/\/www.centraldefocos.com\/productos\/wp-json\/wp\/v2\/comments?post=7598"}],"wp:featuredmedia":[{"embeddable":true,"href":"https:\/\/www.centraldefocos.com\/productos\/wp-json\/wp\/v2\/media\/7601"}],"wp:attachment":[{"href":"https:\/\/www.centraldefocos.com\/productos\/wp-json\/wp\/v2\/media?parent=7598"}],"wp:term":[{"taxonomy":"product_cat","embeddable":true,"href":"https:\/\/www.centraldefocos.com\/productos\/wp-json\/wp\/v2\/product_cat?post=7598"},{"taxonomy":"product_tag","embeddable":true,"href":"https:\/\/www.centraldefocos.com\/productos\/wp-json\/wp\/v2\/product_tag?post=7598"}],"curies":[{"name":"wp","href":"https:\/\/api.w.org\/{rel}","templated":true}]}}