{"id":7564,"date":"2022-04-18T22:49:24","date_gmt":"2022-04-18T22:49:24","guid":{"rendered":"https:\/\/www.centraldefocos.com\/productos\/?post_type=product&#038;p=7564"},"modified":"2022-04-18T22:49:25","modified_gmt":"2022-04-18T22:49:25","slug":"lampara-de-escritorio-con-abrazadera-foco-gu10-incluido-6-w-luz-suave-calida-flexible-ss-050f-s","status":"publish","type":"product","link":"https:\/\/www.centraldefocos.com\/productos\/product\/lampara-de-escritorio-con-abrazadera-foco-gu10-incluido-6-w-luz-suave-calida-flexible-ss-050f-s\/","title":{"rendered":"L\u00e1mpara de Escritorio con Abrazadera, Foco GU10 incluido 6 W, Luz Suave C\u00e1lida, Flexible SS-050F\/S"},"content":{"rendered":"<p>Las l\u00e1mparas de escritorio son una buena fuente pr\u00e1ctica de luz que puede ayudarte a trabajar o estudiar hasta altas horas de la noche. Este tipo de iluminaci\u00f3n tambi\u00e9n es ideal para la concentraci\u00f3n y te ayudar\u00e1 a evitar la fatiga visual al leer. Tambi\u00e9n son una herramienta invaluable si est\u00e1s realizando un trabajo complicado y detallado a mano, como el dibujo, planos y m\u00e1s.<\/p>\n<p>Extra Tip: este tipo de luz funcionar\u00e1 bien en todo el hogar. Si los posicionas estrat\u00e9gicamente puedes usarlos tanto para fines pr\u00e1cticos como como iluminaci\u00f3n de acento din\u00e1mico.<\/p>\n<p><strong>CARACTER\u00cdSTICAS PRINCIPALES<\/strong><\/p>\n<ul>\n<li>Integra una abrazadera ideal para ajustar correctamente la posici\u00f3n al grosor de tu escritorio.<\/li>\n<li>Cabezal flexible met\u00e1lico.<\/li>\n<li>Interruptor discreto de encendido y apagado.<\/li>\n<li>Compatible con cualquier foco GU10.<\/li>\n<li>LED integrado: incluimos un foco LED GU10 para que en cuanto instales la l\u00e1mpara no requieras comprar un foco adicional. Genera hasta un ahorro del 90% en consumo de energ\u00eda el\u00e9ctrica.<\/li>\n<li>6 W, Luz Suave C\u00e1lida, No atenuable.<\/li>\n<\/ul>\n<div class=\"headline\"><strong>ESPECIFICACIONES<\/strong><\/div>\n<table class=\"table\">\n<tbody>\n<tr>\n<td class=\"attrib\">Tiempo de vida<\/td>\n<td>20000 hr<\/td>\n<\/tr>\n<tr>\n<td class=\"attrib\">\u00c1ngulo de dispersi\u00f3n<\/td>\n<td>100 \u00b0<\/td>\n<\/tr>\n<tr>\n<td class=\"attrib\">Colores<\/td>\n<td>No<\/td>\n<\/tr>\n<tr>\n<td class=\"attrib\">Comparaci\u00f3n con incandescente<\/td>\n<td>25<\/td>\n<\/tr>\n<tr>\n<td class=\"attrib\">Dimensiones del producto<\/td>\n<td>58 x 40 x 440 mm<\/td>\n<\/tr>\n<tr>\n<td class=\"attrib\">Emplea Num y modelo de l\u00e1mparas<\/td>\n<td>1 x GU10<\/td>\n<\/tr>\n<tr>\n<td class=\"attrib\">Especificaci\u00f3n el\u00e9ctrica<\/td>\n<td>100 V ~-240 V ~ 50 Hz\/60 Hz 6 W 0.06 A-0.03 A<\/td>\n<\/tr>\n<tr>\n<td class=\"attrib\">Garant\u00eda<\/td>\n<td>5 a\u00f1os<\/td>\n<\/tr>\n<tr>\n<td class=\"attrib\">Leyenda para ficha<\/td>\n<td>L\u00e1mpara sugerida LED GU10 Max. 6 W<\/td>\n<\/tr>\n<tr>\n<td class=\"attrib\">Material<\/td>\n<td>L\u00e1mina de acero<\/td>\n<\/tr>\n<tr>\n<td class=\"attrib\">Nombre comercial<\/td>\n<td>BELLA I<\/td>\n<\/tr>\n<tr>\n<td class=\"attrib\">Peso del producto<\/td>\n<td>0.74<\/td>\n<\/tr>\n<tr>\n<td class=\"attrib\">Tecnolog\u00eda<\/td>\n<td>LED<\/td>\n<\/tr>\n<tr>\n<td class=\"attrib\">Tipo de foco<\/td>\n<td>Incluye Lampara GU10-SMDLED\/3W\/30 W<\/td>\n<\/tr>\n<tr>\n<td class=\"attrib\">Aplicaci\u00f3n<\/td>\n<td>SOBREPONER MESA<\/td>\n<\/tr>\n<tr>\n<td class=\"attrib\">Atenuable \/ Dimerizable<\/td>\n<td>NO<\/td>\n<\/tr>\n<tr>\n<td class=\"attrib\">Color de luz<\/td>\n<td>Luz suave c\u00e1lida<\/td>\n<\/tr>\n<tr>\n<td class=\"attrib\">Flujo luminoso<\/td>\n<td>250 lumens<\/td>\n<\/tr>\n<tr>\n<td class=\"attrib\">Inteligente<\/td>\n<td>No<\/td>\n<\/tr>\n<tr>\n<td class=\"attrib\">Luz Led integrada<\/td>\n<td>No<\/td>\n<\/tr>\n<tr>\n<td class=\"attrib\">Marca<\/td>\n<td>Tecnolite<\/td>\n<\/tr>\n<tr>\n<td class=\"attrib\">Montaje<\/td>\n<td>Sobreponer<\/td>\n<\/tr>\n<tr>\n<td class=\"attrib\">Terminado<\/td>\n<td>Satinado<\/td>\n<\/tr>\n<tr>\n<td class=\"attrib\">Tipo de rosca<\/td>\n<td>GU10<\/td>\n<\/tr>\n<tr>\n<td class=\"attrib\">Potencia<\/td>\n<td>6 W<\/td>\n<\/tr>\n<tr>\n<td class=\"attrib\">Secci\u00f3n<\/td>\n<td>interior<\/td>\n<\/tr>\n<tr>\n<td class=\"attrib\">Familia<\/td>\n<td>decorativa<\/td>\n<\/tr>\n<tr>\n<td class=\"attrib\">Sub familia<\/td>\n<td>lectura led<\/td>\n<\/tr>\n<tr>\n<td class=\"attrib\">Voltaje<\/td>\n<td>100 &#8211; 240 V ~<\/td>\n<\/tr>\n<tr>\n<td class=\"attrib\">Corriente<\/td>\n<td>0.06 &#8211; 0.03 A<\/td>\n<\/tr>\n<tr>\n<td class=\"attrib\">Temperatura de operaci\u00f3n<\/td>\n<td>0 &#8211; 40 \u00b0C<\/td>\n<\/tr>\n<tr>\n<td class=\"attrib\">Temperatura de Color<\/td>\n<td>3 000 K<\/td>\n<\/tr>\n<tr>\n<td class=\"attrib\">IRC<\/td>\n<td>80<\/td>\n<\/tr>\n<tr>\n<td class=\"attrib\">Factor de potencia<\/td>\n<td>0.5<\/td>\n<\/tr>\n<\/tbody>\n<\/table>\n","protected":false},"excerpt":{"rendered":"<p>Las l\u00e1mparas de escritorio son una buena fuente pr\u00e1ctica de luz que puede ayudarte a trabajar o estudiar hasta altas horas de la noche. Este tipo de iluminaci\u00f3n tambi\u00e9n es ideal para la concentraci\u00f3n y te ayudar\u00e1 a evitar la fatiga visual al leer. Tambi\u00e9n son una herramienta invaluable si est\u00e1s realizando un trabajo complicado [&hellip;]<\/p>\n","protected":false},"featured_media":7569,"comment_status":"open","ping_status":"closed","template":"","meta":{"_et_pb_use_builder":"","_et_pb_old_content":"","_et_gb_content_width":"","_editorskit_title_hidden":false,"_editorskit_reading_time":0,"_editorskit_typography_data":[],"_editorskit_blocks_typography":"","_editorskit_is_block_options_detached":false,"_editorskit_block_options_position":"{}","_coblocks_attr":"","_coblocks_dimensions":"","_coblocks_responsive_height":"","_coblocks_accordion_ie_support":"","spay_email":""},"product_cat":[146,77,135],"product_tag":[147,78,137],"_links":{"self":[{"href":"https:\/\/www.centraldefocos.com\/productos\/wp-json\/wp\/v2\/product\/7564"}],"collection":[{"href":"https:\/\/www.centraldefocos.com\/productos\/wp-json\/wp\/v2\/product"}],"about":[{"href":"https:\/\/www.centraldefocos.com\/productos\/wp-json\/wp\/v2\/types\/product"}],"replies":[{"embeddable":true,"href":"https:\/\/www.centraldefocos.com\/productos\/wp-json\/wp\/v2\/comments?post=7564"}],"wp:featuredmedia":[{"embeddable":true,"href":"https:\/\/www.centraldefocos.com\/productos\/wp-json\/wp\/v2\/media\/7569"}],"wp:attachment":[{"href":"https:\/\/www.centraldefocos.com\/productos\/wp-json\/wp\/v2\/media?parent=7564"}],"wp:term":[{"taxonomy":"product_cat","embeddable":true,"href":"https:\/\/www.centraldefocos.com\/productos\/wp-json\/wp\/v2\/product_cat?post=7564"},{"taxonomy":"product_tag","embeddable":true,"href":"https:\/\/www.centraldefocos.com\/productos\/wp-json\/wp\/v2\/product_tag?post=7564"}],"curies":[{"name":"wp","href":"https:\/\/api.w.org\/{rel}","templated":true}]}}