{"id":7550,"date":"2022-04-18T22:38:57","date_gmt":"2022-04-18T22:38:57","guid":{"rendered":"https:\/\/www.centraldefocos.com\/productos\/?post_type=product&#038;p=7550"},"modified":"2022-04-18T22:38:57","modified_gmt":"2022-04-18T22:38:57","slug":"lampara-de-interior-led-para-sobreponer-5-5-w-luz-suave-calida-tlled-407-30-n","status":"publish","type":"product","link":"https:\/\/www.centraldefocos.com\/productos\/product\/lampara-de-interior-led-para-sobreponer-5-5-w-luz-suave-calida-tlled-407-30-n\/","title":{"rendered":"L\u00e1mpara de interior LED para sobreponer, 5.5 W, Luz suave c\u00e1lida TLLED-407\/30\/N"},"content":{"rendered":"<p><strong>L\u00e1mpara de interior LED para sobreponer, 5.5 W, Luz suave c\u00e1lida<\/strong><br \/>\nPROMUEVE UN NIVEL C\u00d3MODO DE BRILLO Y UNA BUENA DISTRIBUCI\u00d3N DE LA ILUMINACI\u00d3N FUERTE, DURADERA, DIVERTIDA Y CONFIABLE.<br \/>\nCrea atm\u00f3sferas acogedoras, intimas y relajantes, decora tus interiores con un toque de luz y resalta los detalles que hacen \u00fanico a tu espacio.<\/p>\n<p><strong>Terminado:\u00a0<\/strong>Negro<br \/>\n<strong>Material:\u00a0<\/strong>Aluminio<br \/>\n<strong>Aplicaci\u00f3n:\u00a0<\/strong>Muro<br \/>\n<strong>Volts:\u00a0<\/strong>100 &#8211; 240 V ~<br \/>\n<strong>Potencia:\u00a0<\/strong>5.5 W<br \/>\n<strong>Horas de vida:\u00a0<\/strong>25000 horas<br \/>\n<strong>\u00c1ngulo de apertura:\u00a0<\/strong>40\u00b0<br \/>\n<strong>Color de luz:\u00a0<\/strong>Luz suave c\u00e1lida<br \/>\n<strong>Temperatura de color:\u00a0<\/strong>3 000 K<br \/>\n<strong>Flujo luminoso:\u00a0<\/strong>315 lm<\/p>\n<div class=\"headline\"><strong>ESPECIFICACIONES<\/strong><\/div>\n<table class=\"table\">\n<tbody>\n<tr>\n<td class=\"attrib\">Tiempo de vida<\/td>\n<td>25000 hr<\/td>\n<\/tr>\n<tr>\n<td class=\"attrib\">\u00c1ngulo de dispersi\u00f3n<\/td>\n<td>40 \u00b0<\/td>\n<\/tr>\n<tr>\n<td class=\"attrib\">Colores<\/td>\n<td>No<\/td>\n<\/tr>\n<tr>\n<td class=\"attrib\">Comparaci\u00f3n con incandescente<\/td>\n<td>25<\/td>\n<\/tr>\n<tr>\n<td class=\"attrib\">Dimensiones del producto<\/td>\n<td>153 x 120 x 120 mm<\/td>\n<\/tr>\n<tr>\n<td class=\"attrib\">Especificaci\u00f3n el\u00e9ctrica<\/td>\n<td>100 V ~-240 V ~ 50 Hz\/60 Hz 5.5 W 0.06 A-0.02 A<\/td>\n<\/tr>\n<tr>\n<td class=\"attrib\">Garant\u00eda<\/td>\n<td>5 a\u00f1os<\/td>\n<\/tr>\n<tr>\n<td class=\"attrib\">Material<\/td>\n<td>Aluminio<\/td>\n<\/tr>\n<tr>\n<td class=\"attrib\">Nombre comercial<\/td>\n<td>CANCRI<\/td>\n<\/tr>\n<tr>\n<td class=\"attrib\">Peso del producto<\/td>\n<td>0.804<\/td>\n<\/tr>\n<tr>\n<td class=\"attrib\">Tecnolog\u00eda<\/td>\n<td>LED<\/td>\n<\/tr>\n<tr>\n<td class=\"attrib\">Tipo de foco<\/td>\n<td>Integrado LED 5.5 W<\/td>\n<\/tr>\n<tr>\n<td class=\"attrib\">Aplicaci\u00f3n<\/td>\n<td>Muro<\/td>\n<\/tr>\n<tr>\n<td class=\"attrib\">Color de luz<\/td>\n<td>Luz suave c\u00e1lida<\/td>\n<\/tr>\n<tr>\n<td class=\"attrib\">Flujo luminoso<\/td>\n<td>315 lumens<\/td>\n<\/tr>\n<tr>\n<td class=\"attrib\">Inteligente<\/td>\n<td>No<\/td>\n<\/tr>\n<tr>\n<td class=\"attrib\">Luz Led integrada<\/td>\n<td>Si<\/td>\n<\/tr>\n<tr>\n<td class=\"attrib\">Marca<\/td>\n<td>Tecnolite<\/td>\n<\/tr>\n<tr>\n<td class=\"attrib\">Montaje<\/td>\n<td>Sobreponer<\/td>\n<\/tr>\n<tr>\n<td class=\"attrib\">Terminado<\/td>\n<td>Negro<\/td>\n<\/tr>\n<tr>\n<td class=\"attrib\">Potencia<\/td>\n<td>5.5 W<\/td>\n<\/tr>\n<tr>\n<td class=\"attrib\">Secci\u00f3n<\/td>\n<td>interior<\/td>\n<\/tr>\n<tr>\n<td class=\"attrib\">Familia<\/td>\n<td>decorativa<\/td>\n<\/tr>\n<tr>\n<td class=\"attrib\">Sub familia<\/td>\n<td>pared led<\/td>\n<\/tr>\n<tr>\n<td class=\"attrib\">Voltaje<\/td>\n<td>100 &#8211; 240 V ~<\/td>\n<\/tr>\n<tr>\n<td class=\"attrib\">Corriente<\/td>\n<td>0.06 &#8211; 0.02 A<\/td>\n<\/tr>\n<tr>\n<td class=\"attrib\">Temperatura de operaci\u00f3n<\/td>\n<td>0 &#8211; 50 \u00b0C<\/td>\n<\/tr>\n<tr>\n<td class=\"attrib\">Temperatura de Color<\/td>\n<td>3 000 K<\/td>\n<\/tr>\n<tr>\n<td class=\"attrib\">IRC<\/td>\n<td>80<\/td>\n<\/tr>\n<tr>\n<td class=\"attrib\">Factor de potencia<\/td>\n<td>0.5<\/td>\n<\/tr>\n<\/tbody>\n<\/table>\n","protected":false},"excerpt":{"rendered":"<p>L\u00e1mpara de interior LED para sobreponer, 5.5 W, Luz suave c\u00e1lida PROMUEVE UN NIVEL C\u00d3MODO DE BRILLO Y UNA BUENA DISTRIBUCI\u00d3N DE LA ILUMINACI\u00d3N FUERTE, DURADERA, DIVERTIDA Y CONFIABLE. Crea atm\u00f3sferas acogedoras, intimas y relajantes, decora tus interiores con un toque de luz y resalta los detalles que hacen \u00fanico a tu espacio. Terminado:\u00a0Negro Material:\u00a0Aluminio [&hellip;]<\/p>\n","protected":false},"featured_media":7551,"comment_status":"open","ping_status":"closed","template":"","meta":{"_et_pb_use_builder":"","_et_pb_old_content":"","_et_gb_content_width":"","_editorskit_title_hidden":false,"_editorskit_reading_time":0,"_editorskit_typography_data":[],"_editorskit_blocks_typography":"","_editorskit_is_block_options_detached":false,"_editorskit_block_options_position":"{}","_coblocks_attr":"","_coblocks_dimensions":"","_coblocks_responsive_height":"","_coblocks_accordion_ie_support":"","spay_email":""},"product_cat":[77,135],"product_tag":[145,78,137],"_links":{"self":[{"href":"https:\/\/www.centraldefocos.com\/productos\/wp-json\/wp\/v2\/product\/7550"}],"collection":[{"href":"https:\/\/www.centraldefocos.com\/productos\/wp-json\/wp\/v2\/product"}],"about":[{"href":"https:\/\/www.centraldefocos.com\/productos\/wp-json\/wp\/v2\/types\/product"}],"replies":[{"embeddable":true,"href":"https:\/\/www.centraldefocos.com\/productos\/wp-json\/wp\/v2\/comments?post=7550"}],"wp:featuredmedia":[{"embeddable":true,"href":"https:\/\/www.centraldefocos.com\/productos\/wp-json\/wp\/v2\/media\/7551"}],"wp:attachment":[{"href":"https:\/\/www.centraldefocos.com\/productos\/wp-json\/wp\/v2\/media?parent=7550"}],"wp:term":[{"taxonomy":"product_cat","embeddable":true,"href":"https:\/\/www.centraldefocos.com\/productos\/wp-json\/wp\/v2\/product_cat?post=7550"},{"taxonomy":"product_tag","embeddable":true,"href":"https:\/\/www.centraldefocos.com\/productos\/wp-json\/wp\/v2\/product_tag?post=7550"}],"curies":[{"name":"wp","href":"https:\/\/api.w.org\/{rel}","templated":true}]}}