{"id":7538,"date":"2022-04-18T22:31:25","date_gmt":"2022-04-18T22:31:25","guid":{"rendered":"https:\/\/www.centraldefocos.com\/productos\/?post_type=product&#038;p=7538"},"modified":"2024-11-01T21:00:37","modified_gmt":"2024-11-01T21:00:37","slug":"colgante-metalico-1-83-m-de-altura-potencia-max-60-w-1-base-e27-no-incluye-foco-60ctl6130mvn","status":"publish","type":"product","link":"https:\/\/www.centraldefocos.com\/productos\/product\/colgante-metalico-1-83-m-de-altura-potencia-max-60-w-1-base-e27-no-incluye-foco-60ctl6130mvn\/","title":{"rendered":"Colgante Met\u00e1lico 1.83 m de Altura, Potencia M\u00e1x. 60 W, 1 Base E27, No incluye foco 60CTL6130MVN"},"content":{"rendered":"<p>Las l\u00e1mparas colgantes son accesorios vers\u00e1tiles que se pueden usar en cualquier habitaci\u00f3n que consideres que se adaptar\u00edan sin ning\u00fan problema.<\/p>\n<p>Se utilizan como punto focal de equilibrio sobre las islas de cocina y el comedor. Tambi\u00e9n se utilizan como joyas para la habitaci\u00f3n, agregando un toque de estilo al espacio. Ya sea que est\u00e9s buscando luces colgantes para un entorno moderno o tradicional, estas luces tem\u00e1ticas glamorosas, contempor\u00e1neas o cl\u00e1sicas ayudar\u00e1n a mejorar tu hogar y espacios comerciales y tambi\u00e9n tendr\u00e1n un dise\u00f1o que no pasar\u00e1 de moda r\u00e1pidamente.<\/p>\n<p>Personaliza el colgantes eligiendo el estilo de luz y foco adecuado a tus necesidades, te sorprender\u00e1s de lo bien que se ve e ilumina.<\/p>\n<p><strong>CARACTER\u00cdSTICAS PRINCIPALES<\/strong><\/p>\n<ul>\n<li>1 Base E27.<\/li>\n<li>Recomendable utilizar con focos estilo vintage.<\/li>\n<li>Pantalla met\u00e1lica.<\/li>\n<li>Estilo moderno y contempor\u00e1neo.<\/li>\n<li>1.83 metros de suspensi\u00f3n.<\/li>\n<li>Altura \/ Cable ajustable: oculta dentro del canope el cable sobrante para que la altura se adapte al espacio donde estar\u00e1 ubicada.<\/li>\n<li>Suspendido en interiores.<\/li>\n<li>Compatible con atenuadores Tecnolite Connect o de otras marcas y focos atenuables disponibles en el mercado.<\/li>\n<li>Potencia M\u00e1x. de 60 W, No incluye foco, Compatible con focos atenuadores.<\/li>\n<li>Accesorios de conexi\u00f3n y montaje incluidos.<\/li>\n<\/ul>\n<p>&nbsp;<\/p>\n<div class=\"headline\"><strong>ESPECIFICACIONES<\/strong><\/div>\n<table class=\"table\">\n<tbody>\n<tr>\n<td class=\"attrib\">Colores<\/td>\n<td>No<\/td>\n<\/tr>\n<tr>\n<td class=\"attrib\">Dimensiones del producto<\/td>\n<td>265 x 265 x 1830 mm<\/td>\n<\/tr>\n<tr>\n<td class=\"attrib\">Emplea Num y modelo de l\u00e1mparas<\/td>\n<td>1<\/td>\n<\/tr>\n<tr>\n<td class=\"attrib\">Especificaci\u00f3n el\u00e9ctrica<\/td>\n<td>100 V ~-240 V ~ 50 Hz\/60 Hz 8.5 W 0.09 A-0.04 A<\/td>\n<\/tr>\n<tr>\n<td class=\"attrib\">Garant\u00eda<\/td>\n<td>1 a\u00f1o<\/td>\n<\/tr>\n<tr>\n<td class=\"attrib\">Leyenda para ficha<\/td>\n<td>L\u00e1mpara sugerida LED de 8.5 W<\/td>\n<\/tr>\n<tr>\n<td class=\"attrib\">Material<\/td>\n<td>L\u00e1mina de acero<\/td>\n<\/tr>\n<tr>\n<td class=\"attrib\">Nombre comercial<\/td>\n<td>MERAK<\/td>\n<\/tr>\n<tr>\n<td class=\"attrib\">Peso del producto<\/td>\n<td>1.2<\/td>\n<\/tr>\n<tr>\n<td class=\"attrib\">Tecnolog\u00eda<\/td>\n<td>Opcional<\/td>\n<\/tr>\n<tr>\n<td class=\"attrib\">Tipo de foco<\/td>\n<td>No Incluye L\u00e1mpara<\/td>\n<\/tr>\n<tr>\n<td class=\"attrib\">Aplicaci\u00f3n<\/td>\n<td>Techo<\/td>\n<\/tr>\n<tr>\n<td class=\"attrib\">Inteligente<\/td>\n<td>No<\/td>\n<\/tr>\n<tr>\n<td class=\"attrib\">Luz Led integrada<\/td>\n<td>No<\/td>\n<\/tr>\n<tr>\n<td class=\"attrib\">Marca<\/td>\n<td>Tecnolite<\/td>\n<\/tr>\n<tr>\n<td class=\"attrib\">Montaje<\/td>\n<td>Suspendido<\/td>\n<\/tr>\n<tr>\n<td class=\"attrib\">Terminado<\/td>\n<td>Negro<\/td>\n<\/tr>\n<tr>\n<td class=\"attrib\">Tipo de rosca<\/td>\n<td>E27<\/td>\n<\/tr>\n<tr>\n<td class=\"attrib\">Potencia<\/td>\n<td>8.5 W<\/td>\n<\/tr>\n<tr>\n<td class=\"attrib\">Secci\u00f3n<\/td>\n<td>interior<\/td>\n<\/tr>\n<tr>\n<td class=\"attrib\">Familia<\/td>\n<td>decorativa<\/td>\n<\/tr>\n<tr>\n<td class=\"attrib\">Sub familia<\/td>\n<td>suspendidos<\/td>\n<\/tr>\n<tr>\n<td class=\"attrib\">Voltaje<\/td>\n<td>100 &#8211; 240 V ~<\/td>\n<\/tr>\n<tr>\n<td class=\"attrib\">Corriente<\/td>\n<td>0.09 &#8211; 0.04 A<\/td>\n<\/tr>\n<tr>\n<td class=\"attrib\">Temperatura de operaci\u00f3n<\/td>\n<td>-10 &#8211; 40 \u00b0C<\/td>\n<\/tr>\n<\/tbody>\n<\/table>\n","protected":false},"excerpt":{"rendered":"<p>Las l\u00e1mparas colgantes son accesorios vers\u00e1tiles que se pueden usar en cualquier habitaci\u00f3n que consideres que se adaptar\u00edan sin ning\u00fan problema. Se utilizan como punto focal de equilibrio sobre las islas de cocina y el comedor. Tambi\u00e9n se utilizan como joyas para la habitaci\u00f3n, agregando un toque de estilo al espacio. Ya sea que est\u00e9s [&hellip;]<\/p>\n","protected":false},"featured_media":7540,"comment_status":"open","ping_status":"closed","template":"","meta":{"_et_pb_use_builder":"","_et_pb_old_content":"","_et_gb_content_width":"","_editorskit_title_hidden":false,"_editorskit_reading_time":0,"_editorskit_typography_data":[],"_editorskit_blocks_typography":"","_editorskit_is_block_options_detached":false,"_editorskit_block_options_position":"{}","_coblocks_attr":"","_coblocks_dimensions":"","_coblocks_responsive_height":"","_coblocks_accordion_ie_support":"","spay_email":""},"product_cat":[136,135],"product_tag":[140,138,137],"_links":{"self":[{"href":"https:\/\/www.centraldefocos.com\/productos\/wp-json\/wp\/v2\/product\/7538"}],"collection":[{"href":"https:\/\/www.centraldefocos.com\/productos\/wp-json\/wp\/v2\/product"}],"about":[{"href":"https:\/\/www.centraldefocos.com\/productos\/wp-json\/wp\/v2\/types\/product"}],"replies":[{"embeddable":true,"href":"https:\/\/www.centraldefocos.com\/productos\/wp-json\/wp\/v2\/comments?post=7538"}],"wp:featuredmedia":[{"embeddable":true,"href":"https:\/\/www.centraldefocos.com\/productos\/wp-json\/wp\/v2\/media\/7540"}],"wp:attachment":[{"href":"https:\/\/www.centraldefocos.com\/productos\/wp-json\/wp\/v2\/media?parent=7538"}],"wp:term":[{"taxonomy":"product_cat","embeddable":true,"href":"https:\/\/www.centraldefocos.com\/productos\/wp-json\/wp\/v2\/product_cat?post=7538"},{"taxonomy":"product_tag","embeddable":true,"href":"https:\/\/www.centraldefocos.com\/productos\/wp-json\/wp\/v2\/product_tag?post=7538"}],"curies":[{"name":"wp","href":"https:\/\/api.w.org\/{rel}","templated":true}]}}