{"id":7532,"date":"2022-04-18T22:27:16","date_gmt":"2022-04-18T22:27:16","guid":{"rendered":"https:\/\/www.centraldefocos.com\/productos\/?post_type=product&#038;p=7532"},"modified":"2024-05-11T13:45:32","modified_gmt":"2024-05-11T13:45:32","slug":"poste-led-para-sobreponer-30-w-luz-suave-calida-30hled2500mv30n","status":"publish","type":"product","link":"https:\/\/www.centraldefocos.com\/productos\/product\/poste-led-para-sobreponer-30-w-luz-suave-calida-30hled2500mv30n\/","title":{"rendered":"Poste LED para sobreponer, 30 W, Luz suave c\u00e1lida 30HLED2500MV30N"},"content":{"rendered":"<p><strong>Poste LED para sobreponer, 30 W, Luz suave c\u00e1lida<\/strong><br \/>\nREINVENTA TUS MOMENTOS Y SUMINISTRA UNA AMPLIA ILUMINACI\u00d3N AL EXTERIOR CON UNA VARIEDAD DE ESTILOS.<br \/>\nCrea atm\u00f3sferas de confort, intimidad y relajaci\u00f3n o a\u00f1ade dramatismo a tus espacios resaltando relieves y texturas de tus exteriores.<\/p>\n<p><strong>Terminado:\u00a0<\/strong>Negro<br \/>\n<strong>Material:\u00a0<\/strong>Aluminio<br \/>\n<strong>Aplicaci\u00f3n:\u00a0<\/strong>Piso<br \/>\n<strong>Volts:\u00a0<\/strong>100 &#8211; 277 V ~<br \/>\n<strong>Potencia:\u00a0<\/strong>30 W<br \/>\n<strong>Horas de vida:\u00a0<\/strong>30000 horas<br \/>\n<strong>\u00c1ngulo de apertura:\u00a0<\/strong>180\u00b0<br \/>\n<strong>Color de luz:\u00a0<\/strong>Luz suave c\u00e1lida<br \/>\n<strong>Temperatura de color:\u00a0<\/strong>3 000 K<br \/>\n<strong>Flujo luminoso:\u00a0<\/strong>2344 lm<br \/>\n<strong>Atenuable:\u00a0<\/strong>No<br \/>\n<strong>IP:\u00a0<\/strong>65<\/p>\n<p><strong>Este dispositivo no es compatible con sensores IR, sensores de proximidad ni equipos con fotocelda.<\/strong><\/p>\n<div class=\"headline\"><strong>ESPECIFICACIONES<\/strong><\/div>\n<table class=\"table\">\n<tbody>\n<tr>\n<td class=\"attrib\">Tiempo de vida<\/td>\n<td>30000 hr<\/td>\n<\/tr>\n<tr>\n<td class=\"attrib\">\u00c1ngulo de dispersi\u00f3n<\/td>\n<td>180 \u00b0<\/td>\n<\/tr>\n<tr>\n<td class=\"attrib\">Colores<\/td>\n<td>No<\/td>\n<\/tr>\n<tr>\n<td class=\"attrib\">Comparaci\u00f3n con incandescente<\/td>\n<td>125<\/td>\n<\/tr>\n<tr>\n<td class=\"attrib\">Dimensiones del producto<\/td>\n<td>250 x 250 x 2500 mm<\/td>\n<\/tr>\n<tr>\n<td class=\"attrib\">Especificaci\u00f3n el\u00e9ctrica<\/td>\n<td>100 V ~-277 V ~ 50 Hz\/60 Hz 30 W 0.3 A-0.11 A<\/td>\n<\/tr>\n<tr>\n<td class=\"attrib\">Garant\u00eda<\/td>\n<td>5 a\u00f1os<\/td>\n<\/tr>\n<tr>\n<td class=\"attrib\">Material<\/td>\n<td>Aluminio<\/td>\n<\/tr>\n<tr>\n<td class=\"attrib\">Nombre comercial<\/td>\n<td>FORNAX<\/td>\n<\/tr>\n<tr>\n<td class=\"attrib\">Peso del producto<\/td>\n<td>12<\/td>\n<\/tr>\n<tr>\n<td class=\"attrib\">Tecnolog\u00eda<\/td>\n<td>LED<\/td>\n<\/tr>\n<tr>\n<td class=\"attrib\">Tipo de foco<\/td>\n<td>Integrado LED 30 W<\/td>\n<\/tr>\n<tr>\n<td class=\"attrib\">Aplicaci\u00f3n<\/td>\n<td>Piso<\/td>\n<\/tr>\n<tr>\n<td class=\"attrib\">Atenuable \/ Dimerizable<\/td>\n<td>NO<\/td>\n<\/tr>\n<tr>\n<td class=\"attrib\">Color de luz<\/td>\n<td>Luz suave c\u00e1lida<\/td>\n<\/tr>\n<tr>\n<td class=\"attrib\">Flujo luminoso<\/td>\n<td>2344 lumens<\/td>\n<\/tr>\n<tr>\n<td class=\"attrib\">Inteligente<\/td>\n<td>No<\/td>\n<\/tr>\n<tr>\n<td class=\"attrib\">Luz Led integrada<\/td>\n<td>Si<\/td>\n<\/tr>\n<tr>\n<td class=\"attrib\">Marca<\/td>\n<td>Tecnolite<\/td>\n<\/tr>\n<tr>\n<td class=\"attrib\">Montaje<\/td>\n<td>Sobreponer<\/td>\n<\/tr>\n<tr>\n<td class=\"attrib\">Terminado<\/td>\n<td>Negro<\/td>\n<\/tr>\n<tr>\n<td class=\"attrib\">Potencia<\/td>\n<td>30 W<\/td>\n<\/tr>\n<tr>\n<td class=\"attrib\">Secci\u00f3n<\/td>\n<td>exterior<\/td>\n<\/tr>\n<tr>\n<td class=\"attrib\">Familia<\/td>\n<td>decorativa<\/td>\n<\/tr>\n<tr>\n<td class=\"attrib\">Sub familia<\/td>\n<td>postes led<\/td>\n<\/tr>\n<tr>\n<td class=\"attrib\">Voltaje<\/td>\n<td>100 &#8211; 277 V ~<\/td>\n<\/tr>\n<tr>\n<td class=\"attrib\">Corriente<\/td>\n<td>0.3 &#8211; 0.11 A<\/td>\n<\/tr>\n<tr>\n<td class=\"attrib\">Temperatura de operaci\u00f3n<\/td>\n<td>-40 &#8211; 40 \u00b0C<\/td>\n<\/tr>\n<tr>\n<td class=\"attrib\">Temperatura de Color<\/td>\n<td>3 000 K<\/td>\n<\/tr>\n<tr>\n<td class=\"attrib\">IP<\/td>\n<td>65<\/td>\n<\/tr>\n<tr>\n<td class=\"attrib\">IRC<\/td>\n<td>80<\/td>\n<\/tr>\n<tr>\n<td class=\"attrib\">Factor de potencia<\/td>\n<td>0.9<\/td>\n<\/tr>\n<tr>\n<td class=\"attrib\">IK<\/td>\n<td>06<\/td>\n<\/tr>\n<\/tbody>\n<\/table>\n","protected":false},"excerpt":{"rendered":"<p>Poste LED para sobreponer, 30 W, Luz suave c\u00e1lida REINVENTA TUS MOMENTOS Y SUMINISTRA UNA AMPLIA ILUMINACI\u00d3N AL EXTERIOR CON UNA VARIEDAD DE ESTILOS. Crea atm\u00f3sferas de confort, intimidad y relajaci\u00f3n o a\u00f1ade dramatismo a tus espacios resaltando relieves y texturas de tus exteriores. Terminado:\u00a0Negro Material:\u00a0Aluminio Aplicaci\u00f3n:\u00a0Piso Volts:\u00a0100 &#8211; 277 V ~ Potencia:\u00a030 W Horas [&hellip;]<\/p>\n","protected":false},"featured_media":7534,"comment_status":"open","ping_status":"closed","template":"","meta":{"_et_pb_use_builder":"","_et_pb_old_content":"","_et_gb_content_width":"","_editorskit_title_hidden":false,"_editorskit_reading_time":0,"_editorskit_typography_data":[],"_editorskit_blocks_typography":"","_editorskit_is_block_options_detached":false,"_editorskit_block_options_position":"{}","_coblocks_attr":"","_coblocks_dimensions":"","_coblocks_responsive_height":"","_coblocks_accordion_ie_support":"","spay_email":""},"product_cat":[142,135],"product_tag":[143,137],"_links":{"self":[{"href":"https:\/\/www.centraldefocos.com\/productos\/wp-json\/wp\/v2\/product\/7532"}],"collection":[{"href":"https:\/\/www.centraldefocos.com\/productos\/wp-json\/wp\/v2\/product"}],"about":[{"href":"https:\/\/www.centraldefocos.com\/productos\/wp-json\/wp\/v2\/types\/product"}],"replies":[{"embeddable":true,"href":"https:\/\/www.centraldefocos.com\/productos\/wp-json\/wp\/v2\/comments?post=7532"}],"wp:featuredmedia":[{"embeddable":true,"href":"https:\/\/www.centraldefocos.com\/productos\/wp-json\/wp\/v2\/media\/7534"}],"wp:attachment":[{"href":"https:\/\/www.centraldefocos.com\/productos\/wp-json\/wp\/v2\/media?parent=7532"}],"wp:term":[{"taxonomy":"product_cat","embeddable":true,"href":"https:\/\/www.centraldefocos.com\/productos\/wp-json\/wp\/v2\/product_cat?post=7532"},{"taxonomy":"product_tag","embeddable":true,"href":"https:\/\/www.centraldefocos.com\/productos\/wp-json\/wp\/v2\/product_tag?post=7532"}],"curies":[{"name":"wp","href":"https:\/\/api.w.org\/{rel}","templated":true}]}}