{"id":7527,"date":"2022-04-18T22:23:19","date_gmt":"2022-04-18T22:23:19","guid":{"rendered":"https:\/\/www.centraldefocos.com\/productos\/?post_type=product&#038;p=7527"},"modified":"2022-04-18T22:23:19","modified_gmt":"2022-04-18T22:23:19","slug":"colgante-lineal-led-1-m-de-altura-20-w-luz-blanca-neutra-irc-80-led-integrado-20lfcled2204mv40n","status":"publish","type":"product","link":"https:\/\/www.centraldefocos.com\/productos\/product\/colgante-lineal-led-1-m-de-altura-20-w-luz-blanca-neutra-irc-80-led-integrado-20lfcled2204mv40n\/","title":{"rendered":"Colgante Lineal LED 1 m de Altura, 20 W, Luz Blanca Neutra, IRC 80, LED integrado  20LFCLED2204MV40N"},"content":{"rendered":"<p>Las l\u00e1mparas colgantes son accesorios vers\u00e1tiles que se pueden usar en cualquier habitaci\u00f3n que consideres que se adaptar\u00edan sin ning\u00fan problema.<\/p>\n<p>Se utilizan como punto focal de equilibrio sobre las islas de cocina y el comedor. Tambi\u00e9n se utilizan como joyas para la habitaci\u00f3n, agregando un toque de estilo al espacio. Ya sea que est\u00e9s buscando luces colgantes para un entorno moderno o tradicional, estas luces tem\u00e1ticas glamorosas, contempor\u00e1neas o cl\u00e1sicas ayudar\u00e1n a mejorar tu hogar y espacios comerciales y tambi\u00e9n tendr\u00e1n un dise\u00f1o que no pasar\u00e1 de moda r\u00e1pidamente.<\/p>\n<p>LED integrado: encontrar\u00e1s un dise\u00f1o m\u00e1s compacto gracias a la integraci\u00f3n de los chips de LED dentro de la l\u00e1mpara, no requiere foco de reemplazo. Genera hasta un ahorro del 90% en consumo de energ\u00eda el\u00e9ctrica.<\/p>\n<p><strong>CARACTER\u00cdSTICAS PRINCIPALES<\/strong><\/p>\n<ul>\n<li>LED integrado.<\/li>\n<li>No requiere de foco.<\/li>\n<li>IRC 90: \u00a1lo m\u00e1s cercano a la luz natural! Con un \u00cdndice de Reproducci\u00f3n Crom\u00e1tica (IRC) de 90, podemos apreciar mejor los colores de objetos y espacios de manera fiel como si estuvieran iluminados por una fuente de luz natural o la luz del sol.<\/li>\n<li>1 metro de suspensi\u00f3n x 1.18 metros de longitud.<\/li>\n<li>Altura \/ Cable ajustable: a trav\u00e9s de una sencilla adaptaci\u00f3n, dimensiona los cables para se adapte al espacio donde estar\u00e1 ubicada, no se requiere cortar el sobrante.<\/li>\n<li>Suspendido en interiores, ideal en oficinas y espacios productivos.<\/li>\n<li>20 W, Luz Blanca Neutra, No atenuable.<\/li>\n<li>Accesorios de conexi\u00f3n y montaje incluidos.<\/li>\n<\/ul>\n<p>&nbsp;<\/p>\n<div class=\"headline\"><strong>ESPECIFICACIONES<\/strong><\/div>\n<table class=\"table\">\n<tbody>\n<tr>\n<td class=\"attrib\">Tiempo de vida<\/td>\n<td>30000 hr<\/td>\n<\/tr>\n<tr>\n<td class=\"attrib\">\u00c1ngulo de dispersi\u00f3n<\/td>\n<td>120 \u00b0<\/td>\n<\/tr>\n<tr>\n<td class=\"attrib\">Colores<\/td>\n<td>No<\/td>\n<\/tr>\n<tr>\n<td class=\"attrib\">Comparaci\u00f3n con incandescente<\/td>\n<td>75<\/td>\n<\/tr>\n<tr>\n<td class=\"attrib\">Dimensiones del producto<\/td>\n<td>1181 x 35 x 60 mm<\/td>\n<\/tr>\n<tr>\n<td class=\"attrib\">Especificaci\u00f3n el\u00e9ctrica<\/td>\n<td>100 V ~-240 V ~ 50 Hz\/60 Hz 20 W 0.2 A-0.08 A<\/td>\n<\/tr>\n<tr>\n<td class=\"attrib\">Garant\u00eda<\/td>\n<td>5 a\u00f1os<\/td>\n<\/tr>\n<tr>\n<td class=\"attrib\">Material<\/td>\n<td>Aluminio<\/td>\n<\/tr>\n<tr>\n<td class=\"attrib\">Nombre comercial<\/td>\n<td>NEIVA II<\/td>\n<\/tr>\n<tr>\n<td class=\"attrib\">Peso del producto<\/td>\n<td>1.8<\/td>\n<\/tr>\n<tr>\n<td class=\"attrib\">Tecnolog\u00eda<\/td>\n<td>LED<\/td>\n<\/tr>\n<tr>\n<td class=\"attrib\">Tipo de foco<\/td>\n<td>Integrado LED 20 W<\/td>\n<\/tr>\n<tr>\n<td class=\"attrib\">Aplicaci\u00f3n<\/td>\n<td>Techo<\/td>\n<\/tr>\n<tr>\n<td class=\"attrib\">Atenuable \/ Dimerizable<\/td>\n<td>NO<\/td>\n<\/tr>\n<tr>\n<td class=\"attrib\">Color de luz<\/td>\n<td>Blanco neutro<\/td>\n<\/tr>\n<tr>\n<td class=\"attrib\">Flujo luminoso<\/td>\n<td>950 lumens<\/td>\n<\/tr>\n<tr>\n<td class=\"attrib\">Inteligente<\/td>\n<td>No<\/td>\n<\/tr>\n<tr>\n<td class=\"attrib\">Luz Led integrada<\/td>\n<td>Si<\/td>\n<\/tr>\n<tr>\n<td class=\"attrib\">Marca<\/td>\n<td>Tecnolite<\/td>\n<\/tr>\n<tr>\n<td class=\"attrib\">Montaje<\/td>\n<td>Suspendido<\/td>\n<\/tr>\n<tr>\n<td class=\"attrib\">Terminado<\/td>\n<td>Negro<\/td>\n<\/tr>\n<tr>\n<td class=\"attrib\">Potencia<\/td>\n<td>20 W<\/td>\n<\/tr>\n<tr>\n<td class=\"attrib\">Secci\u00f3n<\/td>\n<td>interior<\/td>\n<\/tr>\n<tr>\n<td class=\"attrib\">Familia<\/td>\n<td>oficina<\/td>\n<\/tr>\n<tr>\n<td class=\"attrib\">Sub familia<\/td>\n<td>suspendidos led<\/td>\n<\/tr>\n<tr>\n<td class=\"attrib\">Voltaje<\/td>\n<td>100 &#8211; 240 V ~<\/td>\n<\/tr>\n<tr>\n<td class=\"attrib\">Corriente<\/td>\n<td>0.2 &#8211; 0.08 A<\/td>\n<\/tr>\n<tr>\n<td class=\"attrib\">Temperatura de operaci\u00f3n<\/td>\n<td>0 &#8211; 40 \u00b0C<\/td>\n<\/tr>\n<tr>\n<td class=\"attrib\">Temperatura de Color<\/td>\n<td>4 000 K<\/td>\n<\/tr>\n<tr>\n<td class=\"attrib\">IRC<\/td>\n<td>80<\/td>\n<\/tr>\n<tr>\n<td class=\"attrib\">Factor de potencia<\/td>\n<td>0.9<\/td>\n<\/tr>\n<\/tbody>\n<\/table>\n","protected":false},"excerpt":{"rendered":"<p>Las l\u00e1mparas colgantes son accesorios vers\u00e1tiles que se pueden usar en cualquier habitaci\u00f3n que consideres que se adaptar\u00edan sin ning\u00fan problema. Se utilizan como punto focal de equilibrio sobre las islas de cocina y el comedor. Tambi\u00e9n se utilizan como joyas para la habitaci\u00f3n, agregando un toque de estilo al espacio. Ya sea que est\u00e9s [&hellip;]<\/p>\n","protected":false},"featured_media":7528,"comment_status":"open","ping_status":"closed","template":"","meta":{"_et_pb_use_builder":"","_et_pb_old_content":"","_et_gb_content_width":"","_editorskit_title_hidden":false,"_editorskit_reading_time":0,"_editorskit_typography_data":[],"_editorskit_blocks_typography":"","_editorskit_is_block_options_detached":false,"_editorskit_block_options_position":"{}","_coblocks_attr":"","_coblocks_dimensions":"","_coblocks_responsive_height":"","_coblocks_accordion_ie_support":"","spay_email":""},"product_cat":[136,99,139,135],"product_tag":[140,141,137],"_links":{"self":[{"href":"https:\/\/www.centraldefocos.com\/productos\/wp-json\/wp\/v2\/product\/7527"}],"collection":[{"href":"https:\/\/www.centraldefocos.com\/productos\/wp-json\/wp\/v2\/product"}],"about":[{"href":"https:\/\/www.centraldefocos.com\/productos\/wp-json\/wp\/v2\/types\/product"}],"replies":[{"embeddable":true,"href":"https:\/\/www.centraldefocos.com\/productos\/wp-json\/wp\/v2\/comments?post=7527"}],"wp:featuredmedia":[{"embeddable":true,"href":"https:\/\/www.centraldefocos.com\/productos\/wp-json\/wp\/v2\/media\/7528"}],"wp:attachment":[{"href":"https:\/\/www.centraldefocos.com\/productos\/wp-json\/wp\/v2\/media?parent=7527"}],"wp:term":[{"taxonomy":"product_cat","embeddable":true,"href":"https:\/\/www.centraldefocos.com\/productos\/wp-json\/wp\/v2\/product_cat?post=7527"},{"taxonomy":"product_tag","embeddable":true,"href":"https:\/\/www.centraldefocos.com\/productos\/wp-json\/wp\/v2\/product_tag?post=7527"}],"curies":[{"name":"wp","href":"https:\/\/api.w.org\/{rel}","templated":true}]}}