{"id":7520,"date":"2022-04-18T22:15:14","date_gmt":"2022-04-18T22:15:14","guid":{"rendered":"https:\/\/www.centraldefocos.com\/productos\/?post_type=product&#038;p=7520"},"modified":"2022-04-18T22:18:06","modified_gmt":"2022-04-18T22:18:06","slug":"colgante-metalico-led-1-53-m-de-altura-3-w-luz-suave-calida-led-integrado","status":"publish","type":"product","link":"https:\/\/www.centraldefocos.com\/productos\/product\/colgante-metalico-led-1-53-m-de-altura-3-w-luz-suave-calida-led-integrado\/","title":{"rendered":"Colgante Met\u00e1lico LED 1.53 m de Altura, 3 W, Luz Suave C\u00e1lida, LED integrado CTLLED-152\/30\/N"},"content":{"rendered":"<p>Las l\u00e1mparas colgantes son accesorios vers\u00e1tiles que se pueden usar en cualquier habitaci\u00f3n que consideres que se adaptar\u00edan sin ning\u00fan problema.<\/p>\n<p>Se utilizan como punto focal de equilibrio sobre las islas de cocina y el comedor. Tambi\u00e9n se utilizan como joyas para la habitaci\u00f3n, agregando un toque de estilo al espacio. Ya sea que est\u00e9s buscando luces colgantes para un entorno moderno o tradicional, estas luces tem\u00e1ticas glamorosas, contempor\u00e1neas o cl\u00e1sicas ayudar\u00e1n a mejorar tu hogar y espacios comerciales y tambi\u00e9n tendr\u00e1n un dise\u00f1o que no pasar\u00e1 de moda r\u00e1pidamente.<\/p>\n<p>LED integrado: encontrar\u00e1s un dise\u00f1o m\u00e1s compacto gracias a la integraci\u00f3n de los chips de LED dentro de la l\u00e1mpara, no requiere foco de reemplazo. Genera hasta un ahorro del 90% en consumo de energ\u00eda el\u00e9ctrica.<\/p>\n<p><strong>CARACTER\u00cdSTICAS PRINCIPALES<\/strong><\/p>\n<ul>\n<li>LED integrado.<\/li>\n<li>No requiere de foco.<\/li>\n<li>1.53 metros de suspensi\u00f3n.<\/li>\n<li>Altura \/ Cable ajustable: oculta dentro del canope el cable sobrante para que la altura se adapte al espacio donde estar\u00e1 ubicada.<\/li>\n<li>Suspendido en interiores.<\/li>\n<li>3 W, Luz Suave C\u00e1lida, No atenuable.<\/li>\n<li>Accesorios de conexi\u00f3n y montaje incluidos.<\/li>\n<\/ul>\n<p>&nbsp;<\/p>\n<div class=\"headline\"><strong>ESPECIFICACIONES<\/strong><\/div>\n<table class=\"table\">\n<tbody>\n<tr>\n<td class=\"attrib\">Tiempo de vida<\/td>\n<td>15000 hr<\/td>\n<\/tr>\n<tr>\n<td class=\"attrib\">\u00c1ngulo de dispersi\u00f3n<\/td>\n<td>10 \u00b0<\/td>\n<\/tr>\n<tr>\n<td class=\"attrib\">Colores<\/td>\n<td>No<\/td>\n<\/tr>\n<tr>\n<td class=\"attrib\">Comparaci\u00f3n con incandescente<\/td>\n<td>25<\/td>\n<\/tr>\n<tr>\n<td class=\"attrib\">Dimensiones del producto<\/td>\n<td>40 x 40 x 1530 mm<\/td>\n<\/tr>\n<tr>\n<td class=\"attrib\">Especificaci\u00f3n el\u00e9ctrica<\/td>\n<td>100 V ~-240 V ~ 50 Hz\/60 Hz 3 W 0.03 A-0.01 A<\/td>\n<\/tr>\n<tr>\n<td class=\"attrib\">Garant\u00eda<\/td>\n<td>5 a\u00f1os<\/td>\n<\/tr>\n<tr>\n<td class=\"attrib\">Material<\/td>\n<td>Aluminio<\/td>\n<\/tr>\n<tr>\n<td class=\"attrib\">Nombre comercial<\/td>\n<td>EPSILON<\/td>\n<\/tr>\n<tr>\n<td class=\"attrib\">Peso del producto<\/td>\n<td>0.4<\/td>\n<\/tr>\n<tr>\n<td class=\"attrib\">Tecnolog\u00eda<\/td>\n<td>LED<\/td>\n<\/tr>\n<tr>\n<td class=\"attrib\">Tipo de foco<\/td>\n<td>Integrado LED 3 W<\/td>\n<\/tr>\n<tr>\n<td class=\"attrib\">Aplicaci\u00f3n<\/td>\n<td>Techo<\/td>\n<\/tr>\n<tr>\n<td class=\"attrib\">Atenuable \/ Dimerizable<\/td>\n<td>NO<\/td>\n<\/tr>\n<tr>\n<td class=\"attrib\">Color de luz<\/td>\n<td>Luz suave c\u00e1lida<\/td>\n<\/tr>\n<tr>\n<td class=\"attrib\">Flujo luminoso<\/td>\n<td>210 lumens<\/td>\n<\/tr>\n<tr>\n<td class=\"attrib\">Inteligente<\/td>\n<td>No<\/td>\n<\/tr>\n<tr>\n<td class=\"attrib\">Luz Led integrada<\/td>\n<td>Si<\/td>\n<\/tr>\n<tr>\n<td class=\"attrib\">Marca<\/td>\n<td>Tecnolite<\/td>\n<\/tr>\n<tr>\n<td class=\"attrib\">Montaje<\/td>\n<td>Suspendido<\/td>\n<\/tr>\n<tr>\n<td class=\"attrib\">Terminado<\/td>\n<td>Negro<\/td>\n<\/tr>\n<tr>\n<td class=\"attrib\">Potencia<\/td>\n<td>3 W<\/td>\n<\/tr>\n<tr>\n<td class=\"attrib\">Secci\u00f3n<\/td>\n<td>interior<\/td>\n<\/tr>\n<tr>\n<td class=\"attrib\">Familia<\/td>\n<td>decorativa<\/td>\n<\/tr>\n<tr>\n<td class=\"attrib\">Sub familia<\/td>\n<td>suspendidos led<\/td>\n<\/tr>\n<tr>\n<td class=\"attrib\">Voltaje<\/td>\n<td>100 &#8211; 240 V ~<\/td>\n<\/tr>\n<tr>\n<td class=\"attrib\">Corriente<\/td>\n<td>0.03 &#8211; 0.01 A<\/td>\n<\/tr>\n<tr>\n<td class=\"attrib\">Temperatura de operaci\u00f3n<\/td>\n<td>-20 &#8211; 40 \u00b0C<\/td>\n<\/tr>\n<tr>\n<td class=\"attrib\">Temperatura de Color<\/td>\n<td>3 000 K<\/td>\n<\/tr>\n<tr>\n<td class=\"attrib\">IRC<\/td>\n<td>80<\/td>\n<\/tr>\n<tr>\n<td class=\"attrib\">Factor de potencia<\/td>\n<td>0.8<\/td>\n<\/tr>\n<\/tbody>\n<\/table>\n","protected":false},"excerpt":{"rendered":"<p>Las l\u00e1mparas colgantes son accesorios vers\u00e1tiles que se pueden usar en cualquier habitaci\u00f3n que consideres que se adaptar\u00edan sin ning\u00fan problema. Se utilizan como punto focal de equilibrio sobre las islas de cocina y el comedor. Tambi\u00e9n se utilizan como joyas para la habitaci\u00f3n, agregando un toque de estilo al espacio. Ya sea que est\u00e9s [&hellip;]<\/p>\n","protected":false},"featured_media":7522,"comment_status":"open","ping_status":"closed","template":"","meta":{"_et_pb_use_builder":"","_et_pb_old_content":"","_et_gb_content_width":"","_editorskit_title_hidden":false,"_editorskit_reading_time":0,"_editorskit_typography_data":[],"_editorskit_blocks_typography":"","_editorskit_is_block_options_detached":false,"_editorskit_block_options_position":"{}","_coblocks_attr":"","_coblocks_dimensions":"","_coblocks_responsive_height":"","_coblocks_accordion_ie_support":"","spay_email":""},"product_cat":[136,77,99,135],"product_tag":[78,74,138,137],"_links":{"self":[{"href":"https:\/\/www.centraldefocos.com\/productos\/wp-json\/wp\/v2\/product\/7520"}],"collection":[{"href":"https:\/\/www.centraldefocos.com\/productos\/wp-json\/wp\/v2\/product"}],"about":[{"href":"https:\/\/www.centraldefocos.com\/productos\/wp-json\/wp\/v2\/types\/product"}],"replies":[{"embeddable":true,"href":"https:\/\/www.centraldefocos.com\/productos\/wp-json\/wp\/v2\/comments?post=7520"}],"wp:featuredmedia":[{"embeddable":true,"href":"https:\/\/www.centraldefocos.com\/productos\/wp-json\/wp\/v2\/media\/7522"}],"wp:attachment":[{"href":"https:\/\/www.centraldefocos.com\/productos\/wp-json\/wp\/v2\/media?parent=7520"}],"wp:term":[{"taxonomy":"product_cat","embeddable":true,"href":"https:\/\/www.centraldefocos.com\/productos\/wp-json\/wp\/v2\/product_cat?post=7520"},{"taxonomy":"product_tag","embeddable":true,"href":"https:\/\/www.centraldefocos.com\/productos\/wp-json\/wp\/v2\/product_tag?post=7520"}],"curies":[{"name":"wp","href":"https:\/\/api.w.org\/{rel}","templated":true}]}}