{"id":7494,"date":"2022-03-08T23:43:13","date_gmt":"2022-03-08T23:43:13","guid":{"rendered":"https:\/\/www.centraldefocos.com\/productos\/?post_type=product&#038;p=7494"},"modified":"2022-03-08T23:43:13","modified_gmt":"2022-03-08T23:43:13","slug":"foco-led-9w-fotocelda-sensor-de-movimiento-a60sen9-ld","status":"publish","type":"product","link":"https:\/\/www.centraldefocos.com\/productos\/product\/foco-led-9w-fotocelda-sensor-de-movimiento-a60sen9-ld\/","title":{"rendered":"Foco LED 9W Fotocelda + Sensor de movimiento ( A60SEN9\/LD )"},"content":{"rendered":"<p>Las l\u00e1mparas LED tipo bombilla A60 est\u00e1n dise\u00f1ados con diodos LED de alta potencia luminosa y con una cubierta o difusor en acr\u00edlico opalino que permite una iluminaci\u00f3n homog\u00e9nea.<\/p>\n<p>Como caracter\u00edstica sobresaliente esta l\u00e1mpara cuenta con un sistema novedosos de 2 sensores, el primero es una fotocelda la cual permite que este se mantenga apagado en situaciones con iluminaci\u00f3n ya sea natural o artificial, y el segundo un sensor de movimiento con un rango de 3 a 6 metros, que maximiza el ahorro de energ\u00eda ya que se apaga pasando 30 segundos de no estar en el rango.<\/p>\n<p>&nbsp;<\/p>\n<p><u><b>Caracter\u00edsticas de las l\u00e1mparas:\u00a0<\/b><\/u><b>\u00a0<\/b><\/p>\n<ul>\n<li>L\u00e1mpara tipo bombilla A60 LED de 9W<\/li>\n<li>Modelo: A60LED9<\/li>\n<li>Potencia: 9W<\/li>\n<li>Tensi\u00f3n: 127V<\/li>\n<li>Corriente nominal: 0.71A<\/li>\n<li>Frecuencia de operaci\u00f3n de 60Hz<\/li>\n<li>Base: E26<\/li>\n<li>Bulbo: A60<\/li>\n<li>Cubierta o difusor en acr\u00edlico opalino<\/li>\n<li>Cuerpo y disipador de calor en aluminio con recubrimiento de PVC color blanco<\/li>\n<li>Temperatura de color: 6400\u00b0K (LD)<\/li>\n<li>Angulo de apertura: 120\u00b0<\/li>\n<li>Flujo luminoso: 900 Lm<\/li>\n<li>Protecci\u00f3n contra el ambiente: IP20<\/li>\n<li>Vida \u00fatil LED: 25,000 horas<\/li>\n<li>Dimensiones 60 X 119 (mm)<\/li>\n<li>Incluye Fotocelda<\/li>\n<li>Sensor de presencia 3-6 m, se apaga saliendo del rango con un retraso de 30 segundos,<\/li>\n<\/ul>\n<p><u><b>Ideal para sustituirlas por:<\/b><\/u><\/p>\n<ul>\n<li>L\u00e1mparas incandescentes de 75 a 80W<\/li>\n<li>L\u00e1mparas hal\u00f3genas de 35 W<\/li>\n<li><span style=\"color: #000000;\">L\u00e1mparas fluorescentes auto alastradas\u00a0de 18W<\/span><\/li>\n<\/ul>\n","protected":false},"excerpt":{"rendered":"<p>Las l\u00e1mparas LED tipo bombilla A60 est\u00e1n dise\u00f1ados con diodos LED de alta potencia luminosa y con una cubierta o difusor en acr\u00edlico opalino que permite una iluminaci\u00f3n homog\u00e9nea. Como caracter\u00edstica sobresaliente esta l\u00e1mpara cuenta con un sistema novedosos de 2 sensores, el primero es una fotocelda la cual permite que este se mantenga apagado [&hellip;]<\/p>\n","protected":false},"featured_media":7495,"comment_status":"open","ping_status":"closed","template":"","meta":{"_et_pb_use_builder":"","_et_pb_old_content":"","_et_gb_content_width":"","_editorskit_title_hidden":false,"_editorskit_reading_time":0,"_editorskit_typography_data":[],"_editorskit_blocks_typography":"","_editorskit_is_block_options_detached":false,"_editorskit_block_options_position":"{}","_coblocks_attr":"","_coblocks_dimensions":"","_coblocks_responsive_height":"","_coblocks_accordion_ie_support":"","spay_email":""},"product_cat":[99,114,123],"product_tag":[117,115,124],"_links":{"self":[{"href":"https:\/\/www.centraldefocos.com\/productos\/wp-json\/wp\/v2\/product\/7494"}],"collection":[{"href":"https:\/\/www.centraldefocos.com\/productos\/wp-json\/wp\/v2\/product"}],"about":[{"href":"https:\/\/www.centraldefocos.com\/productos\/wp-json\/wp\/v2\/types\/product"}],"replies":[{"embeddable":true,"href":"https:\/\/www.centraldefocos.com\/productos\/wp-json\/wp\/v2\/comments?post=7494"}],"wp:featuredmedia":[{"embeddable":true,"href":"https:\/\/www.centraldefocos.com\/productos\/wp-json\/wp\/v2\/media\/7495"}],"wp:attachment":[{"href":"https:\/\/www.centraldefocos.com\/productos\/wp-json\/wp\/v2\/media?parent=7494"}],"wp:term":[{"taxonomy":"product_cat","embeddable":true,"href":"https:\/\/www.centraldefocos.com\/productos\/wp-json\/wp\/v2\/product_cat?post=7494"},{"taxonomy":"product_tag","embeddable":true,"href":"https:\/\/www.centraldefocos.com\/productos\/wp-json\/wp\/v2\/product_tag?post=7494"}],"curies":[{"name":"wp","href":"https:\/\/api.w.org\/{rel}","templated":true}]}}