{"id":7488,"date":"2022-03-08T23:39:16","date_gmt":"2022-03-08T23:39:16","guid":{"rendered":"https:\/\/www.centraldefocos.com\/productos\/?post_type=product&#038;p=7488"},"modified":"2022-03-08T23:39:16","modified_gmt":"2022-03-08T23:39:16","slug":"foco-cooper-wire-led-decorativo-st64cp-bc","status":"publish","type":"product","link":"https:\/\/www.centraldefocos.com\/productos\/product\/foco-cooper-wire-led-decorativo-st64cp-bc\/","title":{"rendered":"Foco Cooper wire LED Decorativo (ST64CP\/BC)"},"content":{"rendered":"<p>Las l\u00e1mparas LED tipo pera decorativas ST64 Cooper\u00a0<b>Wire<\/b>\u00a0son ideales para colocarlas el luminarias o bases decorativas suspendidas de techos, otorgan diferentes efectos \u00f3pticos dando un efecto agradable ambiente.<\/p>\n<p><u><b>Caracter\u00edsticas de las l\u00e1mparas:\u00a0<\/b><\/u><b>\u00a0<\/b><\/p>\n<ul>\n<li>L\u00e1mparas LED tipo pera decorativas ST64 Cooper\u00a0 Wire de 1.5W<\/li>\n<li>Modelos:<\/li>\n<li><strong>ST64CP\/BC<\/strong><\/li>\n<li>Potencia: 1.5W<\/li>\n<li>Tensi\u00f3n: 127V<\/li>\n<li>Corriente nominal: 0.031A<\/li>\n<li>Frecuencia de operaci\u00f3n de 50\/60Hz<\/li>\n<li>Bulbo: ST64<\/li>\n<li>Base: E26<\/li>\n<li>Cubierta o difusor en cristal transparente<\/li>\n<li>Temperatura de color: 3100\u00b0K (BC)<\/li>\n<li>Angulo de apertura: 360\u00b0<\/li>\n<li>Factor de potencia: &gt;80<\/li>\n<li>Protecci\u00f3n contra el ambiente: IP50<\/li>\n<li>Vida \u00fatil LED: 25,000 horas<\/li>\n<li>Dimensiones 64 x 135 (mm)<\/li>\n<\/ul>\n","protected":false},"excerpt":{"rendered":"<p>Las l\u00e1mparas LED tipo pera decorativas ST64 Cooper\u00a0Wire\u00a0son ideales para colocarlas el luminarias o bases decorativas suspendidas de techos, otorgan diferentes efectos \u00f3pticos dando un efecto agradable ambiente. Caracter\u00edsticas de las l\u00e1mparas:\u00a0\u00a0 L\u00e1mparas LED tipo pera decorativas ST64 Cooper\u00a0 Wire de 1.5W Modelos: ST64CP\/BC Potencia: 1.5W Tensi\u00f3n: 127V Corriente nominal: 0.031A Frecuencia de operaci\u00f3n de [&hellip;]<\/p>\n","protected":false},"featured_media":7489,"comment_status":"open","ping_status":"closed","template":"","meta":{"_et_pb_use_builder":"","_et_pb_old_content":"","_et_gb_content_width":"","_editorskit_title_hidden":false,"_editorskit_reading_time":0,"_editorskit_typography_data":[],"_editorskit_blocks_typography":"","_editorskit_is_block_options_detached":false,"_editorskit_block_options_position":"{}","_coblocks_attr":"","_coblocks_dimensions":"","_coblocks_responsive_height":"","_coblocks_accordion_ie_support":"","spay_email":""},"product_cat":[121,99,114],"product_tag":[122,117,115],"_links":{"self":[{"href":"https:\/\/www.centraldefocos.com\/productos\/wp-json\/wp\/v2\/product\/7488"}],"collection":[{"href":"https:\/\/www.centraldefocos.com\/productos\/wp-json\/wp\/v2\/product"}],"about":[{"href":"https:\/\/www.centraldefocos.com\/productos\/wp-json\/wp\/v2\/types\/product"}],"replies":[{"embeddable":true,"href":"https:\/\/www.centraldefocos.com\/productos\/wp-json\/wp\/v2\/comments?post=7488"}],"wp:featuredmedia":[{"embeddable":true,"href":"https:\/\/www.centraldefocos.com\/productos\/wp-json\/wp\/v2\/media\/7489"}],"wp:attachment":[{"href":"https:\/\/www.centraldefocos.com\/productos\/wp-json\/wp\/v2\/media?parent=7488"}],"wp:term":[{"taxonomy":"product_cat","embeddable":true,"href":"https:\/\/www.centraldefocos.com\/productos\/wp-json\/wp\/v2\/product_cat?post=7488"},{"taxonomy":"product_tag","embeddable":true,"href":"https:\/\/www.centraldefocos.com\/productos\/wp-json\/wp\/v2\/product_tag?post=7488"}],"curies":[{"name":"wp","href":"https:\/\/api.w.org\/{rel}","templated":true}]}}