{"id":7475,"date":"2022-03-08T23:30:57","date_gmt":"2022-03-08T23:30:57","guid":{"rendered":"https:\/\/www.centraldefocos.com\/productos\/?post_type=product&#038;p=7475"},"modified":"2022-03-08T23:30:58","modified_gmt":"2022-03-08T23:30:58","slug":"foco-led-recargable-solar-12w-a80led12sol","status":"publish","type":"product","link":"https:\/\/www.centraldefocos.com\/productos\/product\/foco-led-recargable-solar-12w-a80led12sol\/","title":{"rendered":"Foco LED recargable solar 12W (A80LED12SOL )"},"content":{"rendered":"<p>Equipado con tres paneles solares, se recargar\u00e1 a la luz del sol y le dar\u00e1 de 2 a 4 horas de iluminaci\u00f3n. La bombilla LED recargable funciona como cualquier foco dom\u00e9stico y la recarga con luz encendida tardar\u00e1 de 6 a 8 horas en cargarse por completo y le dar\u00e1 de 4 a 6 horas de iluminaci\u00f3n.<\/p>\n<p>Cuando se corta la corriente, la bombilla funciona como una l\u00e1mpara de emergencia y se enciende autom\u00e1ticamente siempre que el interruptor de la luz de la habitaci\u00f3n est\u00e9 encendido. Nunca se quedar\u00e1 sin luz debido a un apag\u00f3n.<br \/>\nFoco Led con panel solar 12w<\/p>\n<p>&#8211; Funciona con luz solar<br \/>\n&#8211; Luz de 6500 k<br \/>\n&#8211; Vida \u00fatil 50 mil hrs<br \/>\n&#8211; Ilumina como uno de 35w<br \/>\n&#8211; Entrada E27<br \/>\n&#8211; 560 lumen<br \/>\n&#8211; Duraci\u00f3n de la bater\u00eda 4-6hrs<br \/>\n&#8211; Requiere 6 &#8211; 8hrs para cargar<br \/>\n&#8211; Bater\u00eda recargable mediante electricidad o luz solar<br \/>\n&#8211; Angulo 270\u00b0<br \/>\n&#8211; Panel solar: 3 paneles solares<br \/>\n&#8211; Tiempo de trabajo: 4-6 horas.<\/p>\n<p>Aplicaciones en exteriores como estacionamientos techados, camping, emergencias, cortes de energ\u00eda, viajes, caminatas, campamentos, etc.<\/p>\n<p>Dos formas de encenderlo, atornillar la tapa enganchada a la rosca de la bombilla y apretar hasta que prenda o sostenga la bombilla y presione suavemente la parte superior con el dedo.<\/p>\n","protected":false},"excerpt":{"rendered":"<p>Equipado con tres paneles solares, se recargar\u00e1 a la luz del sol y le dar\u00e1 de 2 a 4 horas de iluminaci\u00f3n. La bombilla LED recargable funciona como cualquier foco dom\u00e9stico y la recarga con luz encendida tardar\u00e1 de 6 a 8 horas en cargarse por completo y le dar\u00e1 de 4 a 6 horas [&hellip;]<\/p>\n","protected":false},"featured_media":7479,"comment_status":"open","ping_status":"closed","template":"","meta":{"_et_pb_use_builder":"","_et_pb_old_content":"","_et_gb_content_width":"","_editorskit_title_hidden":false,"_editorskit_reading_time":0,"_editorskit_typography_data":[],"_editorskit_blocks_typography":"","_editorskit_is_block_options_detached":false,"_editorskit_block_options_position":"{}","_coblocks_attr":"","_coblocks_dimensions":"","_coblocks_responsive_height":"","_coblocks_accordion_ie_support":"","spay_email":""},"product_cat":[99,114,116],"product_tag":[117,115,118],"_links":{"self":[{"href":"https:\/\/www.centraldefocos.com\/productos\/wp-json\/wp\/v2\/product\/7475"}],"collection":[{"href":"https:\/\/www.centraldefocos.com\/productos\/wp-json\/wp\/v2\/product"}],"about":[{"href":"https:\/\/www.centraldefocos.com\/productos\/wp-json\/wp\/v2\/types\/product"}],"replies":[{"embeddable":true,"href":"https:\/\/www.centraldefocos.com\/productos\/wp-json\/wp\/v2\/comments?post=7475"}],"wp:featuredmedia":[{"embeddable":true,"href":"https:\/\/www.centraldefocos.com\/productos\/wp-json\/wp\/v2\/media\/7479"}],"wp:attachment":[{"href":"https:\/\/www.centraldefocos.com\/productos\/wp-json\/wp\/v2\/media?parent=7475"}],"wp:term":[{"taxonomy":"product_cat","embeddable":true,"href":"https:\/\/www.centraldefocos.com\/productos\/wp-json\/wp\/v2\/product_cat?post=7475"},{"taxonomy":"product_tag","embeddable":true,"href":"https:\/\/www.centraldefocos.com\/productos\/wp-json\/wp\/v2\/product_tag?post=7475"}],"curies":[{"name":"wp","href":"https:\/\/api.w.org\/{rel}","templated":true}]}}