{"id":7469,"date":"2022-03-08T22:53:28","date_gmt":"2022-03-08T22:53:28","guid":{"rendered":"https:\/\/www.centraldefocos.com\/productos\/?post_type=product&#038;p=7469"},"modified":"2022-03-08T22:53:28","modified_gmt":"2022-03-08T22:53:28","slug":"luminario-con-rejillas-con-tira-de-leds-luled2x9r","status":"publish","type":"product","link":"https:\/\/www.centraldefocos.com\/productos\/product\/luminario-con-rejillas-con-tira-de-leds-luled2x9r\/","title":{"rendered":"Luminario con rejillas con tira de LEDS ( LULED2X9R )"},"content":{"rendered":"<div class=\"product-single__description rte\">L\u00e1mpara PLL tipo 1U base 2G7.<b>As\u00ed funciona una l\u00e1mpara fluorescente:<\/b><\/p>\n<p>Los filamentos poseen un recubrimiento de calcio y magnesio que hace aparecer el flujo de electrones que hace falta para que se encienda la l\u00e1mpara. Cuando esto ocurre, los filamentos se apagan y se convierten en dos electrodos, a trav\u00e9s de los cuales se establece ese flujo de corriente o de electrones.<\/p>\n<p><u><b>Caracter\u00edsticas de la\u00a0<\/b><\/u><u><b>L\u00e1mpara<\/b><\/u><u><b>:<\/b><\/u><b>\u00a0<\/b><\/p>\n<ul>\n<li>L\u00e1mparas fluorescentes PLL de 4 PINES \u00b4\u00b41U\u00b4\u00b4<\/li>\n<li>Modelos: PLL9\/41<\/li>\n<li><b><\/b>Potencia: 9W<\/li>\n<li>Tensi\u00f3n: 307V<\/li>\n<li>Frecuencia de operaci\u00f3n de 50\/60Hz<\/li>\n<li>Corriente nominal: 0.070A<\/li>\n<li>Bases: 2G7<\/li>\n<li>Difusor de cristal blanco<\/li>\n<li>Temperatura de color: 4100\u00b0K<\/li>\n<li>Angulo de apertura: 360\u00b0<\/li>\n<li>Protecci\u00f3n contra el ambiente: IP20<\/li>\n<li>Dimensiones\u00a0145 X 27 (mm)<\/li>\n<\/ul>\n<\/div>\n","protected":false},"excerpt":{"rendered":"<p>L\u00e1mpara PLL tipo 1U base 2G7.As\u00ed funciona una l\u00e1mpara fluorescente: Los filamentos poseen un recubrimiento de calcio y magnesio que hace aparecer el flujo de electrones que hace falta para que se encienda la l\u00e1mpara. Cuando esto ocurre, los filamentos se apagan y se convierten en dos electrodos, a trav\u00e9s de los cuales se establece [&hellip;]<\/p>\n","protected":false},"featured_media":7473,"comment_status":"open","ping_status":"closed","template":"","meta":{"_et_pb_use_builder":"","_et_pb_old_content":"","_et_gb_content_width":"","_editorskit_title_hidden":false,"_editorskit_reading_time":0,"_editorskit_typography_data":[],"_editorskit_blocks_typography":"","_editorskit_is_block_options_detached":false,"_editorskit_block_options_position":"{}","_coblocks_attr":"","_coblocks_dimensions":"","_coblocks_responsive_height":"","_coblocks_accordion_ie_support":"","spay_email":""},"product_cat":[108,114],"product_tag":[110,115],"_links":{"self":[{"href":"https:\/\/www.centraldefocos.com\/productos\/wp-json\/wp\/v2\/product\/7469"}],"collection":[{"href":"https:\/\/www.centraldefocos.com\/productos\/wp-json\/wp\/v2\/product"}],"about":[{"href":"https:\/\/www.centraldefocos.com\/productos\/wp-json\/wp\/v2\/types\/product"}],"replies":[{"embeddable":true,"href":"https:\/\/www.centraldefocos.com\/productos\/wp-json\/wp\/v2\/comments?post=7469"}],"wp:featuredmedia":[{"embeddable":true,"href":"https:\/\/www.centraldefocos.com\/productos\/wp-json\/wp\/v2\/media\/7473"}],"wp:attachment":[{"href":"https:\/\/www.centraldefocos.com\/productos\/wp-json\/wp\/v2\/media?parent=7469"}],"wp:term":[{"taxonomy":"product_cat","embeddable":true,"href":"https:\/\/www.centraldefocos.com\/productos\/wp-json\/wp\/v2\/product_cat?post=7469"},{"taxonomy":"product_tag","embeddable":true,"href":"https:\/\/www.centraldefocos.com\/productos\/wp-json\/wp\/v2\/product_tag?post=7469"}],"curies":[{"name":"wp","href":"https:\/\/api.w.org\/{rel}","templated":true}]}}