{"id":7421,"date":"2022-01-27T04:27:47","date_gmt":"2022-01-27T04:27:47","guid":{"rendered":"https:\/\/www.centraldefocos.com\/productos\/?post_type=product&#038;p=7421"},"modified":"2022-01-27T04:27:47","modified_gmt":"2022-01-27T04:27:47","slug":"luminario-high-bay-eg-link-100w","status":"publish","type":"product","link":"https:\/\/www.centraldefocos.com\/productos\/product\/luminario-high-bay-eg-link-100w\/","title":{"rendered":"LUMINARIO HIGH BAY EG-LINK-100W"},"content":{"rendered":"<p>La EG-LINK-100W es una luminaria para suspender o sobreponer con libertad de \u00e1ngulo de 85o .<br \/>\nEquipada con LED de \u00faltima generaci\u00f3n, con un CRI DE 80, proporcionando una buena calidad de iluminaci\u00f3n. El dise\u00f1o \u00f3ptico permite realizar una distri- buci\u00f3n de luz uniforme en el \u00e1rea de servicio o trabajo.<\/p>\n<p>La construcci\u00f3n es con los mejores materiales y acabados para las condicio- nes clim\u00e1ticas m\u00e1s severas. Su cuerpo es de aleaci\u00f3n de aluminio puro que ofrece disipaci\u00f3n t\u00e9rmica superior, adem\u00e1s de resistencia a la corrosi\u00f3n.<\/p>\n<p>De construcci\u00f3n sellada y resistente, con un IP65.<br \/>\nCuenta con un driver electr\u00f3nico multivoltaje, con un rango de tensi\u00f3n de 100- 277 V~, que adem\u00e1s lo hace m\u00e1s resistente a variaciones de tensi\u00f3n.<\/p>\n<p>Ideal para:<br \/>\n\u00b7 Bodegas<br \/>\n\u00b7 Almacenes<br \/>\n\u00b7 Patios de maniobras \u00b7 Pasillos industriales<br \/>\n\u00b7 \u00c1reas abiertas<\/p>\n","protected":false},"excerpt":{"rendered":"<p>La EG-LINK-100W es una luminaria para suspender o sobreponer con libertad de \u00e1ngulo de 85o . Equipada con LED de \u00faltima generaci\u00f3n, con un CRI DE 80, proporcionando una buena calidad de iluminaci\u00f3n. El dise\u00f1o \u00f3ptico permite realizar una distri- buci\u00f3n de luz uniforme en el \u00e1rea de servicio o trabajo. La construcci\u00f3n es con [&hellip;]<\/p>\n","protected":false},"featured_media":7423,"comment_status":"open","ping_status":"closed","template":"","meta":{"_et_pb_use_builder":"","_et_pb_old_content":"","_et_gb_content_width":"","_editorskit_title_hidden":false,"_editorskit_reading_time":0,"_editorskit_typography_data":[],"_editorskit_blocks_typography":"","_editorskit_is_block_options_detached":false,"_editorskit_block_options_position":"{}","_coblocks_attr":"","_coblocks_dimensions":"","_coblocks_responsive_height":"","_coblocks_accordion_ie_support":"","spay_email":""},"product_cat":[86,77],"product_tag":[87,78,96],"_links":{"self":[{"href":"https:\/\/www.centraldefocos.com\/productos\/wp-json\/wp\/v2\/product\/7421"}],"collection":[{"href":"https:\/\/www.centraldefocos.com\/productos\/wp-json\/wp\/v2\/product"}],"about":[{"href":"https:\/\/www.centraldefocos.com\/productos\/wp-json\/wp\/v2\/types\/product"}],"replies":[{"embeddable":true,"href":"https:\/\/www.centraldefocos.com\/productos\/wp-json\/wp\/v2\/comments?post=7421"}],"wp:featuredmedia":[{"embeddable":true,"href":"https:\/\/www.centraldefocos.com\/productos\/wp-json\/wp\/v2\/media\/7423"}],"wp:attachment":[{"href":"https:\/\/www.centraldefocos.com\/productos\/wp-json\/wp\/v2\/media?parent=7421"}],"wp:term":[{"taxonomy":"product_cat","embeddable":true,"href":"https:\/\/www.centraldefocos.com\/productos\/wp-json\/wp\/v2\/product_cat?post=7421"},{"taxonomy":"product_tag","embeddable":true,"href":"https:\/\/www.centraldefocos.com\/productos\/wp-json\/wp\/v2\/product_tag?post=7421"}],"curies":[{"name":"wp","href":"https:\/\/api.w.org\/{rel}","templated":true}]}}