{"id":7418,"date":"2022-01-27T04:12:33","date_gmt":"2022-01-27T04:12:33","guid":{"rendered":"https:\/\/www.centraldefocos.com\/productos\/?post_type=product&#038;p=7418"},"modified":"2022-01-27T04:36:45","modified_gmt":"2022-01-27T04:36:45","slug":"reflector-exterior-eg-fl-50w-rgb","status":"publish","type":"product","link":"https:\/\/www.centraldefocos.com\/productos\/product\/reflector-exterior-eg-fl-50w-rgb\/","title":{"rendered":"REFLECTOR EXTERIOR EG FL 50W RGB"},"content":{"rendered":"<p class=\"p1\">La luminaria EG FL 50W es dise\u00f1ada en aluminio resistente a la corrosi\u00f3n, as\u00ed como sellada y resistente al polvo y humedad, es un reflector para sobreponer, el cual puede sustituir un reflector con fuente de luz fluorescente de 100w<\/p>\n","protected":false},"excerpt":{"rendered":"<p>La luminaria EG FL 50W es dise\u00f1ada en aluminio resistente a la corrosi\u00f3n, as\u00ed como sellada y resistente al polvo y humedad, es un reflector para sobreponer, el cual puede sustituir un reflector con fuente de luz fluorescente de 100w<\/p>\n","protected":false},"featured_media":7419,"comment_status":"open","ping_status":"closed","template":"","meta":{"_et_pb_use_builder":"","_et_pb_old_content":"","_et_gb_content_width":"","_editorskit_title_hidden":false,"_editorskit_reading_time":0,"_editorskit_typography_data":[],"_editorskit_blocks_typography":"","_editorskit_is_block_options_detached":false,"_editorskit_block_options_position":"{}","_coblocks_attr":"","_coblocks_dimensions":"","_coblocks_responsive_height":"","_coblocks_accordion_ie_support":"","spay_email":""},"product_cat":[86,93],"product_tag":[87,95,94],"_links":{"self":[{"href":"https:\/\/www.centraldefocos.com\/productos\/wp-json\/wp\/v2\/product\/7418"}],"collection":[{"href":"https:\/\/www.centraldefocos.com\/productos\/wp-json\/wp\/v2\/product"}],"about":[{"href":"https:\/\/www.centraldefocos.com\/productos\/wp-json\/wp\/v2\/types\/product"}],"replies":[{"embeddable":true,"href":"https:\/\/www.centraldefocos.com\/productos\/wp-json\/wp\/v2\/comments?post=7418"}],"wp:featuredmedia":[{"embeddable":true,"href":"https:\/\/www.centraldefocos.com\/productos\/wp-json\/wp\/v2\/media\/7419"}],"wp:attachment":[{"href":"https:\/\/www.centraldefocos.com\/productos\/wp-json\/wp\/v2\/media?parent=7418"}],"wp:term":[{"taxonomy":"product_cat","embeddable":true,"href":"https:\/\/www.centraldefocos.com\/productos\/wp-json\/wp\/v2\/product_cat?post=7418"},{"taxonomy":"product_tag","embeddable":true,"href":"https:\/\/www.centraldefocos.com\/productos\/wp-json\/wp\/v2\/product_tag?post=7418"}],"curies":[{"name":"wp","href":"https:\/\/api.w.org\/{rel}","templated":true}]}}