{"id":7415,"date":"2022-01-27T04:04:38","date_gmt":"2022-01-27T04:04:38","guid":{"rendered":"https:\/\/www.centraldefocos.com\/productos\/?post_type=product&#038;p=7415"},"modified":"2022-01-27T04:05:45","modified_gmt":"2022-01-27T04:05:45","slug":"arbotante-eg-arcslim-12w","status":"publish","type":"product","link":"https:\/\/www.centraldefocos.com\/productos\/product\/arbotante-eg-arcslim-12w\/","title":{"rendered":"ARBOTANTE EG ARCSLIM 12W"},"content":{"rendered":"<p>Es una luminaria decorativa para sobreponer en muro con fuente de luz LED.<br \/>\nIdeal para pasillos, corredores y marquesinas.<br \/>\nSu construcci\u00f3n es con los mejores materiales y acabados de alta calidad.<br \/>\nEsta dise\u00f1ado para evitar la intrusi\u00f3n de polvo.<br \/>\nLa emisi\u00f3n de luz es indirecta, esta dise\u00f1ada y orientada para proporcionar un haz de luz asim\u00e9trico.<\/p>\n","protected":false},"excerpt":{"rendered":"<p>Es una luminaria decorativa para sobreponer en muro con fuente de luz LED. Ideal para pasillos, corredores y marquesinas. Su construcci\u00f3n es con los mejores materiales y acabados de alta calidad. Esta dise\u00f1ado para evitar la intrusi\u00f3n de polvo. La emisi\u00f3n de luz es indirecta, esta dise\u00f1ada y orientada para proporcionar un haz de luz [&hellip;]<\/p>\n","protected":false},"featured_media":7417,"comment_status":"open","ping_status":"closed","template":"","meta":{"_et_pb_use_builder":"","_et_pb_old_content":"","_et_gb_content_width":"","_editorskit_title_hidden":false,"_editorskit_reading_time":0,"_editorskit_typography_data":[],"_editorskit_blocks_typography":"","_editorskit_is_block_options_detached":false,"_editorskit_block_options_position":"{}","_coblocks_attr":"","_coblocks_dimensions":"","_coblocks_responsive_height":"","_coblocks_accordion_ie_support":"","spay_email":""},"product_cat":[90,86],"product_tag":[91,92,87],"_links":{"self":[{"href":"https:\/\/www.centraldefocos.com\/productos\/wp-json\/wp\/v2\/product\/7415"}],"collection":[{"href":"https:\/\/www.centraldefocos.com\/productos\/wp-json\/wp\/v2\/product"}],"about":[{"href":"https:\/\/www.centraldefocos.com\/productos\/wp-json\/wp\/v2\/types\/product"}],"replies":[{"embeddable":true,"href":"https:\/\/www.centraldefocos.com\/productos\/wp-json\/wp\/v2\/comments?post=7415"}],"wp:featuredmedia":[{"embeddable":true,"href":"https:\/\/www.centraldefocos.com\/productos\/wp-json\/wp\/v2\/media\/7417"}],"wp:attachment":[{"href":"https:\/\/www.centraldefocos.com\/productos\/wp-json\/wp\/v2\/media?parent=7415"}],"wp:term":[{"taxonomy":"product_cat","embeddable":true,"href":"https:\/\/www.centraldefocos.com\/productos\/wp-json\/wp\/v2\/product_cat?post=7415"},{"taxonomy":"product_tag","embeddable":true,"href":"https:\/\/www.centraldefocos.com\/productos\/wp-json\/wp\/v2\/product_tag?post=7415"}],"curies":[{"name":"wp","href":"https:\/\/api.w.org\/{rel}","templated":true}]}}