{"id":7401,"date":"2022-01-26T23:54:01","date_gmt":"2022-01-26T23:54:01","guid":{"rendered":"https:\/\/www.centraldefocos.com\/productos\/?post_type=product&#038;p=7401"},"modified":"2022-01-27T04:47:01","modified_gmt":"2022-01-27T04:47:01","slug":"led-performance-surface-mount-downlight-9-w","status":"publish","type":"product","link":"https:\/\/www.centraldefocos.com\/productos\/product\/led-performance-surface-mount-downlight-9-w\/","title":{"rendered":"PROYECTOR LED PARA MONTAJE 9 W"},"content":{"rendered":"<div class=\"m-content-list\">\n<div class=\"-main\">\n<h5 class=\"headline -size-small -bold\">Beneficios del producto<\/h5>\n<ul class=\"a-list -unordered\">\n<li>LED COB de alta potencia suministra una alta salida de l\u00famenes en una carcasa compacta<\/li>\n<li>Bajo flickering gracias a un mecanismo de control electr\u00f3nico especial<\/li>\n<li>Buena reproducci\u00f3n crom\u00e1tica para una \u00f3ptima presentaci\u00f3n del producto<\/li>\n<\/ul>\n<p>LED Performance Surface Mount Downlight 9 W 36 \u00b0 3000 K White<\/p>\n<\/div>\n<\/div>\n<div class=\"m-view-details\"><\/div>\n","protected":false},"excerpt":{"rendered":"<p>Beneficios del producto LED COB de alta potencia suministra una alta salida de l\u00famenes en una carcasa compacta Bajo flickering gracias a un mecanismo de control electr\u00f3nico especial Buena reproducci\u00f3n crom\u00e1tica para una \u00f3ptima presentaci\u00f3n del producto LED Performance Surface Mount Downlight 9 W 36 \u00b0 3000 K White<\/p>\n","protected":false},"featured_media":7402,"comment_status":"open","ping_status":"closed","template":"","meta":{"_et_pb_use_builder":"","_et_pb_old_content":"","_et_gb_content_width":"","_editorskit_title_hidden":false,"_editorskit_reading_time":0,"_editorskit_typography_data":[],"_editorskit_blocks_typography":"","_editorskit_is_block_options_detached":false,"_editorskit_block_options_position":"{}","_coblocks_attr":"","_coblocks_dimensions":"","_coblocks_responsive_height":"","_coblocks_accordion_ie_support":"","spay_email":""},"product_cat":[72,75],"product_tag":[74,73,76],"_links":{"self":[{"href":"https:\/\/www.centraldefocos.com\/productos\/wp-json\/wp\/v2\/product\/7401"}],"collection":[{"href":"https:\/\/www.centraldefocos.com\/productos\/wp-json\/wp\/v2\/product"}],"about":[{"href":"https:\/\/www.centraldefocos.com\/productos\/wp-json\/wp\/v2\/types\/product"}],"replies":[{"embeddable":true,"href":"https:\/\/www.centraldefocos.com\/productos\/wp-json\/wp\/v2\/comments?post=7401"}],"wp:featuredmedia":[{"embeddable":true,"href":"https:\/\/www.centraldefocos.com\/productos\/wp-json\/wp\/v2\/media\/7402"}],"wp:attachment":[{"href":"https:\/\/www.centraldefocos.com\/productos\/wp-json\/wp\/v2\/media?parent=7401"}],"wp:term":[{"taxonomy":"product_cat","embeddable":true,"href":"https:\/\/www.centraldefocos.com\/productos\/wp-json\/wp\/v2\/product_cat?post=7401"},{"taxonomy":"product_tag","embeddable":true,"href":"https:\/\/www.centraldefocos.com\/productos\/wp-json\/wp\/v2\/product_tag?post=7401"}],"curies":[{"name":"wp","href":"https:\/\/api.w.org\/{rel}","templated":true}]}}