{"id":7399,"date":"2022-01-26T23:48:47","date_gmt":"2022-01-26T23:48:47","guid":{"rendered":"https:\/\/www.centraldefocos.com\/productos\/?post_type=product&#038;p=7399"},"modified":"2022-01-27T04:48:42","modified_gmt":"2022-01-27T04:48:42","slug":"floodlight-led-300-w-5700-k","status":"publish","type":"product","link":"https:\/\/www.centraldefocos.com\/productos\/product\/floodlight-led-300-w-5700-k\/","title":{"rendered":"LUMINARIA LED DE SUSPENSI\u00d3N 300 W 5700 K"},"content":{"rendered":"<h5 class=\"headline -size-small -bold\">Beneficios del producto<\/h5>\n<ul class=\"a-list -unordered\">\n<li>Ahorro energ\u00e9tico de hasta 90% en comparaci\u00f3n con los proyectores hal\u00f3genos<\/li>\n<li>Ahorro de energ\u00eda de hasta un 45 % en comparaci\u00f3n con las luminarias que utilizan l\u00e1mparas de descarga convencionales.<\/li>\n<li>Luminoso, robusto y duradero<\/li>\n<li>Distribuci\u00f3n lum\u00ednica homog\u00e9nea y deslumbramiento reducido<\/li>\n<\/ul>\n","protected":false},"excerpt":{"rendered":"<p>Beneficios del producto Ahorro energ\u00e9tico de hasta 90% en comparaci\u00f3n con los proyectores hal\u00f3genos Ahorro de energ\u00eda de hasta un 45 % en comparaci\u00f3n con las luminarias que utilizan l\u00e1mparas de descarga convencionales. Luminoso, robusto y duradero Distribuci\u00f3n lum\u00ednica homog\u00e9nea y deslumbramiento reducido<\/p>\n","protected":false},"featured_media":7369,"comment_status":"open","ping_status":"closed","template":"","meta":{"_et_pb_use_builder":"","_et_pb_old_content":"","_et_gb_content_width":"","_editorskit_title_hidden":false,"_editorskit_reading_time":0,"_editorskit_typography_data":[],"_editorskit_blocks_typography":"","_editorskit_is_block_options_detached":false,"_editorskit_block_options_position":"{}","_coblocks_attr":"","_coblocks_dimensions":"","_coblocks_responsive_height":"","_coblocks_accordion_ie_support":"","spay_email":""},"product_cat":[72,100],"product_tag":[74,73,101],"_links":{"self":[{"href":"https:\/\/www.centraldefocos.com\/productos\/wp-json\/wp\/v2\/product\/7399"}],"collection":[{"href":"https:\/\/www.centraldefocos.com\/productos\/wp-json\/wp\/v2\/product"}],"about":[{"href":"https:\/\/www.centraldefocos.com\/productos\/wp-json\/wp\/v2\/types\/product"}],"replies":[{"embeddable":true,"href":"https:\/\/www.centraldefocos.com\/productos\/wp-json\/wp\/v2\/comments?post=7399"}],"wp:featuredmedia":[{"embeddable":true,"href":"https:\/\/www.centraldefocos.com\/productos\/wp-json\/wp\/v2\/media\/7369"}],"wp:attachment":[{"href":"https:\/\/www.centraldefocos.com\/productos\/wp-json\/wp\/v2\/media?parent=7399"}],"wp:term":[{"taxonomy":"product_cat","embeddable":true,"href":"https:\/\/www.centraldefocos.com\/productos\/wp-json\/wp\/v2\/product_cat?post=7399"},{"taxonomy":"product_tag","embeddable":true,"href":"https:\/\/www.centraldefocos.com\/productos\/wp-json\/wp\/v2\/product_tag?post=7399"}],"curies":[{"name":"wp","href":"https:\/\/api.w.org\/{rel}","templated":true}]}}